{"id":8337,"date":"2020-01-12T22:58:59","date_gmt":"2020-01-12T21:58:59","guid":{"rendered":"https:\/\/davrontranslations.com\/product\/graphic-design-prepaid-credits-fr\/"},"modified":"2020-06-09T13:24:36","modified_gmt":"2020-06-09T13:24:36","slug":"graphisme-credits-prepayes","status":"publish","type":"product","link":"https:\/\/davrontranslations.com\/fr\/produit\/graphisme-credits-prepayes\/","title":{"rendered":"Cr\u00e9dits pr\u00e9pay\u00e9s pour la conception graphique"},"content":{"rendered":"<p>Cr\u00e9dits d&rsquo;heures pr\u00e9pay\u00e9s et rechargeables.<\/p>\n","protected":false},"excerpt":{"rendered":"<ul>\n<li>Cr\u00e9dits d&rsquo;heures pour la conception graphique<\/li>\n<li>R\u00e9duire les t\u00e2ches administratives ou les retards<\/li>\n<li>Utilisez-les quand vous voulez, sans date d&rsquo;expiration<\/li>\n<li>Pour les entreprises uniquement<\/li>\n<\/ul>\n","protected":false},"featured_media":8338,"template":"","meta":[],"product_brand":[],"product_cat":[128,127,132,126,125],"product_tag":[],"class_list":{"0":"post-8337","1":"product","2":"type-product","3":"status-publish","4":"has-post-thumbnail","6":"product_cat-business-fr","7":"product_cat-juridique","8":"product_cat-marketing-fr","9":"product_cat-traduction","10":"product_cat-traduction-de-site-web","12":"first","13":"instock","14":"taxable","15":"shipping-taxable","16":"purchasable","17":"product-type-simple"},"_links":{"self":[{"href":"https:\/\/davrontranslations.com\/fr\/wp-json\/wp\/v2\/product\/8337","targetHints":{"allow":["GET"]}}],"collection":[{"href":"https:\/\/davrontranslations.com\/fr\/wp-json\/wp\/v2\/product"}],"about":[{"href":"https:\/\/davrontranslations.com\/fr\/wp-json\/wp\/v2\/types\/product"}],"wp:featuredmedia":[{"embeddable":true,"href":"https:\/\/davrontranslations.com\/fr\/wp-json\/wp\/v2\/media\/8338"}],"wp:attachment":[{"href":"https:\/\/davrontranslations.com\/fr\/wp-json\/wp\/v2\/media?parent=8337"}],"wp:term":[{"taxonomy":"product_brand","embeddable":true,"href":"https:\/\/davrontranslations.com\/fr\/wp-json\/wp\/v2\/product_brand?post=8337"},{"taxonomy":"product_cat","embeddable":true,"href":"https:\/\/davrontranslations.com\/fr\/wp-json\/wp\/v2\/product_cat?post=8337"},{"taxonomy":"product_tag","embeddable":true,"href":"https:\/\/davrontranslations.com\/fr\/wp-json\/wp\/v2\/product_tag?post=8337"}],"curies":[{"name":"wp","href":"https:\/\/api.w.org\/{rel}","templated":true}]}}