{"id":8339,"date":"2020-01-12T22:38:49","date_gmt":"2020-01-12T21:38:49","guid":{"rendered":"https:\/\/davrontranslations.com\/product\/transcription-prepaid-credits\/"},"modified":"2020-06-09T13:24:37","modified_gmt":"2020-06-09T13:24:37","slug":"credits-de-transcription-prepayes","status":"publish","type":"product","link":"https:\/\/davrontranslations.com\/fr\/produit\/credits-de-transcription-prepayes\/","title":{"rendered":"Cr\u00e9dits de transcription pr\u00e9pay\u00e9s"},"content":{"rendered":"<p>Cr\u00e9dits de mots pr\u00e9pay\u00e9s et rechargeables.<\/p>\n<p><strong>TRANSCRIPTION<\/strong>\u00a0\u2013 Nous transcrivons les\u00a0<strong>fichiers audio et vid\u00e9o<\/strong>\u00a0originaux en format texte et nous proc\u00e9dons ensuite \u00e0 leur\u00a0<strong>traduction dans la langue cible<\/strong>.<\/p>\n<p>Nous pouvons \u00e9galement r\u00e9diger des\u00a0<strong>sous-titres<\/strong>, pour une vid\u00e9o publi\u00e9e sur\u00a0<strong>Youtube<\/strong>\u00a0ou toute autre vid\u00e9o que vous souhaitez poster sur votre site.<\/p>\n<p>Des entreprises de toutes tailles (cha\u00eenes de t\u00e9l\u00e9vision ou autres PME) ont d\u00e9j\u00e0 fait appel \u00e0 nos services en mati\u00e8re de transcription.<\/p>\n<p>Les transcriptions devront \u00eatre asserment\u00e9es pour pouvoir \u00eatre utilis\u00e9es dans le cadre d\u2019un proc\u00e8s.<\/p>\n","protected":false},"excerpt":{"rendered":"<ul>\n<li>Cr\u00e9dits de mots pour la transcription audio ou vid\u00e9o<\/li>\n<li>Ajouter une option d&rsquo;urgence si n\u00e9cessaire<\/li>\n<li>R\u00e9duire les surco\u00fbts administratifs et \u00e9viter les retards<\/li>\n<li>Utilisez-le quand vous voulez, sans date d&rsquo;expiration<\/li>\n<li>Pour les entreprises et les professionnels uniquement<\/li>\n<\/ul>\n","protected":false},"featured_media":8340,"template":"","meta":[],"product_brand":[],"product_cat":[128,127,132,126,125],"product_tag":[],"class_list":{"0":"post-8339","1":"product","2":"type-product","3":"status-publish","4":"has-post-thumbnail","6":"product_cat-business-fr","7":"product_cat-juridique","8":"product_cat-marketing-fr","9":"product_cat-traduction","10":"product_cat-traduction-de-site-web","12":"first","13":"instock","14":"taxable","15":"shipping-taxable","16":"purchasable","17":"product-type-simple"},"_links":{"self":[{"href":"https:\/\/davrontranslations.com\/fr\/wp-json\/wp\/v2\/product\/8339","targetHints":{"allow":["GET"]}}],"collection":[{"href":"https:\/\/davrontranslations.com\/fr\/wp-json\/wp\/v2\/product"}],"about":[{"href":"https:\/\/davrontranslations.com\/fr\/wp-json\/wp\/v2\/types\/product"}],"wp:featuredmedia":[{"embeddable":true,"href":"https:\/\/davrontranslations.com\/fr\/wp-json\/wp\/v2\/media\/8340"}],"wp:attachment":[{"href":"https:\/\/davrontranslations.com\/fr\/wp-json\/wp\/v2\/media?parent=8339"}],"wp:term":[{"taxonomy":"product_brand","embeddable":true,"href":"https:\/\/davrontranslations.com\/fr\/wp-json\/wp\/v2\/product_brand?post=8339"},{"taxonomy":"product_cat","embeddable":true,"href":"https:\/\/davrontranslations.com\/fr\/wp-json\/wp\/v2\/product_cat?post=8339"},{"taxonomy":"product_tag","embeddable":true,"href":"https:\/\/davrontranslations.com\/fr\/wp-json\/wp\/v2\/product_tag?post=8339"}],"curies":[{"name":"wp","href":"https:\/\/api.w.org\/{rel}","templated":true}]}}