{"id":8341,"date":"2020-01-12T16:37:47","date_gmt":"2020-01-12T15:37:47","guid":{"rendered":"https:\/\/davrontranslations.com\/product\/high-volume-post-editing-prepaid-credits\/"},"modified":"2020-06-23T11:55:54","modified_gmt":"2020-06-23T11:55:54","slug":"credits-prepayes-de-post-edition-pour-gros-volumes","status":"publish","type":"product","link":"https:\/\/davrontranslations.com\/fr\/produit\/credits-prepayes-de-post-edition-pour-gros-volumes\/","title":{"rendered":"Cr\u00e9dits pr\u00e9pay\u00e9s pour la post-\u00e9dition de gros volumes"},"content":{"rendered":"<p>Cr\u00e9dits de mots pr\u00e9pay\u00e9s et rechargeables.<\/p>\n","protected":false},"excerpt":{"rendered":"<ul>\n<li>Forfaits de mots \u00e0 utiliser pour un volume \u00e9lev\u00e9 de post-\u00e9dition dans tout domaine<\/li>\n<li>Ajouter des options d&rsquo;urgence<\/li>\n<li>R\u00e9duire les surcouts administratifs et \u00e9viter les retards<\/li>\n<li>Utilisez-le quand vous voulez, sans date d&rsquo;expiration<\/li>\n<li>Pour les entreprises et les professionnels uniquement<\/li>\n<\/ul>\n","protected":false},"featured_media":8342,"template":"","meta":[],"product_brand":[],"product_cat":[128,127,132,126,125],"product_tag":[],"class_list":{"0":"post-8341","1":"product","2":"type-product","3":"status-publish","4":"has-post-thumbnail","6":"product_cat-business-fr","7":"product_cat-juridique","8":"product_cat-marketing-fr","9":"product_cat-traduction","10":"product_cat-traduction-de-site-web","12":"first","13":"instock","14":"taxable","15":"shipping-taxable","16":"purchasable","17":"product-type-simple"},"_links":{"self":[{"href":"https:\/\/davrontranslations.com\/fr\/wp-json\/wp\/v2\/product\/8341","targetHints":{"allow":["GET"]}}],"collection":[{"href":"https:\/\/davrontranslations.com\/fr\/wp-json\/wp\/v2\/product"}],"about":[{"href":"https:\/\/davrontranslations.com\/fr\/wp-json\/wp\/v2\/types\/product"}],"wp:featuredmedia":[{"embeddable":true,"href":"https:\/\/davrontranslations.com\/fr\/wp-json\/wp\/v2\/media\/8342"}],"wp:attachment":[{"href":"https:\/\/davrontranslations.com\/fr\/wp-json\/wp\/v2\/media?parent=8341"}],"wp:term":[{"taxonomy":"product_brand","embeddable":true,"href":"https:\/\/davrontranslations.com\/fr\/wp-json\/wp\/v2\/product_brand?post=8341"},{"taxonomy":"product_cat","embeddable":true,"href":"https:\/\/davrontranslations.com\/fr\/wp-json\/wp\/v2\/product_cat?post=8341"},{"taxonomy":"product_tag","embeddable":true,"href":"https:\/\/davrontranslations.com\/fr\/wp-json\/wp\/v2\/product_tag?post=8341"}],"curies":[{"name":"wp","href":"https:\/\/api.w.org\/{rel}","templated":true}]}}