{"id":8343,"date":"2020-01-12T16:36:51","date_gmt":"2020-01-12T15:36:51","guid":{"rendered":"https:\/\/davrontranslations.com\/product\/proofreading-prepaid-credits\/"},"modified":"2020-06-09T13:24:38","modified_gmt":"2020-06-09T13:24:38","slug":"relecture-credits-prepayes","status":"publish","type":"product","link":"https:\/\/davrontranslations.com\/fr\/produit\/relecture-credits-prepayes\/","title":{"rendered":"Cr\u00e9dits pr\u00e9pay\u00e9s de relecture"},"content":{"rendered":"<p>Cr\u00e9dits de mots pr\u00e9pay\u00e9s et rechargeables.<\/p>\n<p><strong>RELECTURE &amp; MISE EN PAGE\u00a0<\/strong>\u2013 Afin de vous garantir un service de qualit\u00e9, toutes nos traductions font l\u2019objet d\u2019une relecture et d\u2019une r\u00e9vision.<\/p>\n<p>Nous proposons nos services de relecture et de r\u00e9vision pour des traductions effectu\u00e9es au sein de votre soci\u00e9t\u00e9. Nous saurons \u00eatre \u00e0 l\u2019\u00e9coute pour vous fournir une version finale la plus juste et coh\u00e9rente possible.<\/p>\n<p>Nous resterons fid\u00e8les au texte tout en adaptant la traduction \u00e0 ses destinataires. Lors de la relecture, nous prenons soin de v\u00e9rifier l\u2019orthographe, la grammaire, la ponctuation et la syntaxe de vos documents. Nous pouvons \u00e9galement r\u00e9viser l\u2019int\u00e9gralit\u00e9 d\u2019un document tel qu\u2019une pr\u00e9sentation powerpoint, un argumentaire de vente, une brochure, un catalogue\u2026<\/p>\n","protected":false},"excerpt":{"rendered":"<ul>\n<li>Cr\u00e9dits de mots pour la relecture dans n&rsquo;importe quel domaine<\/li>\n<li>Ajoutez toutes les options dont vous avez besoin : transcr\u00e9ation, urgence, etc<\/li>\n<li>\u00c9vitez les tracas administratifs ou les retards<\/li>\n<li>Utilisez-le quand vous voulez, sans date d&rsquo;expiration<\/li>\n<li>Pour les entreprises et les professionnels uniquement<\/li>\n<\/ul>\n","protected":false},"featured_media":8345,"template":"","meta":[],"product_brand":[],"product_cat":[128,127,132,126,125],"product_tag":[],"class_list":{"0":"post-8343","1":"product","2":"type-product","3":"status-publish","4":"has-post-thumbnail","6":"product_cat-business-fr","7":"product_cat-juridique","8":"product_cat-marketing-fr","9":"product_cat-traduction","10":"product_cat-traduction-de-site-web","12":"first","13":"instock","14":"taxable","15":"shipping-taxable","16":"purchasable","17":"product-type-simple"},"_links":{"self":[{"href":"https:\/\/davrontranslations.com\/fr\/wp-json\/wp\/v2\/product\/8343","targetHints":{"allow":["GET"]}}],"collection":[{"href":"https:\/\/davrontranslations.com\/fr\/wp-json\/wp\/v2\/product"}],"about":[{"href":"https:\/\/davrontranslations.com\/fr\/wp-json\/wp\/v2\/types\/product"}],"wp:featuredmedia":[{"embeddable":true,"href":"https:\/\/davrontranslations.com\/fr\/wp-json\/wp\/v2\/media\/8345"}],"wp:attachment":[{"href":"https:\/\/davrontranslations.com\/fr\/wp-json\/wp\/v2\/media?parent=8343"}],"wp:term":[{"taxonomy":"product_brand","embeddable":true,"href":"https:\/\/davrontranslations.com\/fr\/wp-json\/wp\/v2\/product_brand?post=8343"},{"taxonomy":"product_cat","embeddable":true,"href":"https:\/\/davrontranslations.com\/fr\/wp-json\/wp\/v2\/product_cat?post=8343"},{"taxonomy":"product_tag","embeddable":true,"href":"https:\/\/davrontranslations.com\/fr\/wp-json\/wp\/v2\/product_tag?post=8343"}],"curies":[{"name":"wp","href":"https:\/\/api.w.org\/{rel}","templated":true}]}}