{"id":8346,"date":"2020-01-12T11:01:30","date_gmt":"2020-01-12T10:01:30","guid":{"rendered":"https:\/\/davrontranslations.com\/product\/entreprise\/"},"modified":"2020-06-09T13:24:38","modified_gmt":"2020-06-09T13:24:38","slug":"entreprise","status":"publish","type":"product","link":"https:\/\/davrontranslations.com\/fr\/produit\/entreprise\/","title":{"rendered":"Entreprise"},"content":{"rendered":"<p>Cr\u00e9dits de mots pr\u00e9pay\u00e9s et rechargeables.<\/p>\n","protected":false},"excerpt":{"rendered":"<ul>\n<li>Cr\u00e9dits de mots pour la traduction dans n&rsquo;importe quel domaine<\/li>\n<li>Ajoutez toutes les options dont vous avez besoin : relecture, transcr\u00e9ation, urgence, etc<\/li>\n<li>\u00c9vitez les tracas administratifs ou les retards<\/li>\n<li>Utilisez-le quand vous voulez, sans date d&rsquo;expiration<\/li>\n<li>Pour les entreprises uniquement<\/li>\n<\/ul>\n","protected":false},"featured_media":8065,"template":"","meta":[],"product_brand":[],"product_cat":[128,127,132,126,125],"product_tag":[],"class_list":{"0":"post-8346","1":"product","2":"type-product","3":"status-publish","4":"has-post-thumbnail","6":"product_cat-business-fr","7":"product_cat-juridique","8":"product_cat-marketing-fr","9":"product_cat-traduction","10":"product_cat-traduction-de-site-web","12":"first","13":"instock","14":"taxable","15":"shipping-taxable","16":"purchasable","17":"product-type-simple"},"_links":{"self":[{"href":"https:\/\/davrontranslations.com\/fr\/wp-json\/wp\/v2\/product\/8346","targetHints":{"allow":["GET"]}}],"collection":[{"href":"https:\/\/davrontranslations.com\/fr\/wp-json\/wp\/v2\/product"}],"about":[{"href":"https:\/\/davrontranslations.com\/fr\/wp-json\/wp\/v2\/types\/product"}],"wp:featuredmedia":[{"embeddable":true,"href":"https:\/\/davrontranslations.com\/fr\/wp-json\/wp\/v2\/media\/8065"}],"wp:attachment":[{"href":"https:\/\/davrontranslations.com\/fr\/wp-json\/wp\/v2\/media?parent=8346"}],"wp:term":[{"taxonomy":"product_brand","embeddable":true,"href":"https:\/\/davrontranslations.com\/fr\/wp-json\/wp\/v2\/product_brand?post=8346"},{"taxonomy":"product_cat","embeddable":true,"href":"https:\/\/davrontranslations.com\/fr\/wp-json\/wp\/v2\/product_cat?post=8346"},{"taxonomy":"product_tag","embeddable":true,"href":"https:\/\/davrontranslations.com\/fr\/wp-json\/wp\/v2\/product_tag?post=8346"}],"curies":[{"name":"wp","href":"https:\/\/api.w.org\/{rel}","templated":true}]}}