{"id":8352,"date":"2019-12-24T15:57:47","date_gmt":"2019-12-24T15:57:47","guid":{"rendered":"https:\/\/davrontranslations.com\/product\/starter-pack\/"},"modified":"2020-06-09T13:24:42","modified_gmt":"2020-06-09T13:24:42","slug":"kit-demarrage","status":"publish","type":"product","link":"https:\/\/davrontranslations.com\/fr\/produit\/kit-demarrage\/","title":{"rendered":"Pack de d\u00e9marrage"},"content":{"rendered":"<p>Cr\u00e9dits de mots pr\u00e9pay\u00e9s et rechargeables.<\/p>\n","protected":false},"excerpt":{"rendered":"<ul>\n<li>Cr\u00e9dits de mots pour la traduction dans n&rsquo;importe quel domaine<\/li>\n<li>Ajoutez toutes les options dont vous avez besoin : relecture, transcr\u00e9ation, urgence, etc<\/li>\n<li>\u00c9vitez les tracas administratifs ou les retards<\/li>\n<li>Utilisez-le quand vous voulez, sans date d&rsquo;expiration<\/li>\n<li>Pour les entreprises uniquement<\/li>\n<\/ul>\n","protected":false},"featured_media":8354,"template":"","meta":[],"product_brand":[],"product_cat":[128,127,132,126,125],"product_tag":[],"class_list":{"0":"post-8352","1":"product","2":"type-product","3":"status-publish","4":"has-post-thumbnail","6":"product_cat-business-fr","7":"product_cat-juridique","8":"product_cat-marketing-fr","9":"product_cat-traduction","10":"product_cat-traduction-de-site-web","12":"first","13":"instock","14":"sale","15":"taxable","16":"shipping-taxable","17":"purchasable","18":"product-type-simple"},"_links":{"self":[{"href":"https:\/\/davrontranslations.com\/fr\/wp-json\/wp\/v2\/product\/8352","targetHints":{"allow":["GET"]}}],"collection":[{"href":"https:\/\/davrontranslations.com\/fr\/wp-json\/wp\/v2\/product"}],"about":[{"href":"https:\/\/davrontranslations.com\/fr\/wp-json\/wp\/v2\/types\/product"}],"wp:featuredmedia":[{"embeddable":true,"href":"https:\/\/davrontranslations.com\/fr\/wp-json\/wp\/v2\/media\/8354"}],"wp:attachment":[{"href":"https:\/\/davrontranslations.com\/fr\/wp-json\/wp\/v2\/media?parent=8352"}],"wp:term":[{"taxonomy":"product_brand","embeddable":true,"href":"https:\/\/davrontranslations.com\/fr\/wp-json\/wp\/v2\/product_brand?post=8352"},{"taxonomy":"product_cat","embeddable":true,"href":"https:\/\/davrontranslations.com\/fr\/wp-json\/wp\/v2\/product_cat?post=8352"},{"taxonomy":"product_tag","embeddable":true,"href":"https:\/\/davrontranslations.com\/fr\/wp-json\/wp\/v2\/product_tag?post=8352"}],"curies":[{"name":"wp","href":"https:\/\/api.w.org\/{rel}","templated":true}]}}