{"id":8355,"date":"2019-12-23T11:47:24","date_gmt":"2019-12-23T11:47:24","guid":{"rendered":"https:\/\/davrontranslations.com\/product\/pacs-combo-set\/"},"modified":"2020-06-23T10:34:57","modified_gmt":"2020-06-23T10:34:57","slug":"kit-pacs-set","status":"publish","type":"product","link":"https:\/\/davrontranslations.com\/fr\/produit\/kit-pacs-set\/","title":{"rendered":"Kit PACS"},"content":{"rendered":"<div class=\"elementor-element elementor-element-40db3838 elementor-align-left elementor-widget elementor-widget-icon-list\" data-id=\"40db3838\" data-element_type=\"widget\" data-widget_type=\"icon-list.default\">\n<div class=\"elementor-widget-container\">Traduction officielle certifi\u00e9e conforme anglais-fran\u00e7ais de tous vos documents pour votre PACS fran\u00e7ais<\/div>\n<\/div>\n","protected":false},"excerpt":{"rendered":"<div class=\"elementor-element elementor-element-40db3838 elementor-align-left elementor-widget elementor-widget-icon-list\" data-id=\"40db3838\" data-element_type=\"widget\" data-widget_type=\"icon-list.default\">\n<div class=\"elementor-widget-container\">\n<ul>\n<li>inclut la mise en page obligatoire similaire \u00e0 celle du document source, la certification, la date, le cachet et la signature.<\/li>\n<li>inclut le syst\u00e8me judiciaire fran\u00e7ais Assermentation pour la France<\/li>\n<li>Prix par page ; document de 1 page = 250 mots max<\/li>\n<li>*pour usage administratif et officiel *pour d&rsquo;autres combinaisons linguistiques, veuillez utiliser notre formulaire de devis instantan\u00e9<\/li>\n<\/ul>\n<\/div>\n<\/div>\n<div class=\"elementor-element elementor-element-d46bab6 elementor-align-center elementor-widget elementor-widget-button\" data-id=\"d46bab6\" data-element_type=\"widget\" data-widget_type=\"button.default\">\n<div class=\"elementor-widget-container\">\n<div class=\"elementor-button-wrapper\"><\/div>\n<\/div>\n<\/div>\n","protected":false},"featured_media":8357,"template":"","meta":[],"product_brand":[],"product_cat":[129,127,126,133],"product_tag":[],"class_list":{"0":"post-8355","1":"product","2":"type-product","3":"status-publish","4":"has-post-thumbnail","6":"product_cat-immigration-fr","7":"product_cat-juridique","8":"product_cat-traduction","9":"product_cat-traduction-certifiee-assermentee","11":"first","12":"instock","13":"taxable","14":"shipping-taxable","15":"product-type-grouped"},"_links":{"self":[{"href":"https:\/\/davrontranslations.com\/fr\/wp-json\/wp\/v2\/product\/8355","targetHints":{"allow":["GET"]}}],"collection":[{"href":"https:\/\/davrontranslations.com\/fr\/wp-json\/wp\/v2\/product"}],"about":[{"href":"https:\/\/davrontranslations.com\/fr\/wp-json\/wp\/v2\/types\/product"}],"wp:featuredmedia":[{"embeddable":true,"href":"https:\/\/davrontranslations.com\/fr\/wp-json\/wp\/v2\/media\/8357"}],"wp:attachment":[{"href":"https:\/\/davrontranslations.com\/fr\/wp-json\/wp\/v2\/media?parent=8355"}],"wp:term":[{"taxonomy":"product_brand","embeddable":true,"href":"https:\/\/davrontranslations.com\/fr\/wp-json\/wp\/v2\/product_brand?post=8355"},{"taxonomy":"product_cat","embeddable":true,"href":"https:\/\/davrontranslations.com\/fr\/wp-json\/wp\/v2\/product_cat?post=8355"},{"taxonomy":"product_tag","embeddable":true,"href":"https:\/\/davrontranslations.com\/fr\/wp-json\/wp\/v2\/product_tag?post=8355"}],"curies":[{"name":"wp","href":"https:\/\/api.w.org\/{rel}","templated":true}]}}