{"id":8366,"date":"2019-12-23T11:44:36","date_gmt":"2019-12-23T11:44:36","guid":{"rendered":"https:\/\/davrontranslations.com\/product\/bank-statement\/"},"modified":"2024-04-08T15:32:24","modified_gmt":"2024-04-08T13:32:24","slug":"releve-de-compte-bancaire","status":"publish","type":"product","link":"https:\/\/davrontranslations.com\/fr\/produit\/releve-de-compte-bancaire\/","title":{"rendered":"Relev\u00e9 bancaire"},"content":{"rendered":"<p><span data-sheets-root=\"1\" data-sheets-value=\"{&quot;1&quot;:2,&quot;2&quot;:&quot;Davron Translations assure la traduction de relev\u00e9s bancaires, cruciaux pour les affaires financi\u00e8res internationales, les v\u00e9rifications ou les litiges. Essentiel pour les entreprises ou les particuliers impliqu\u00e9s dans des transactions transfrontali\u00e8res. Traduction certifi\u00e9e officielle anglais-fran\u00e7ais pour tous les besoins administratifs et judiciaires.&quot;}\" data-sheets-userformat=\"{&quot;2&quot;:14915,&quot;3&quot;:{&quot;1&quot;:0},&quot;4&quot;:{&quot;1&quot;:2,&quot;2&quot;:16777215},&quot;9&quot;:0,&quot;12&quot;:0,&quot;14&quot;:{&quot;1&quot;:2,&quot;2&quot;:855309},&quot;15&quot;:&quot;S\u00f6hne, ui-sans-serif, system-ui, -apple-system, \\&quot;Segoe UI\\&quot;, Roboto, Ubuntu, Cantarell, \\&quot;Noto Sans\\&quot;, sans-serif, \\&quot;Helvetica Neue\\&quot;, Arial, \\&quot;Apple Color Emoji\\&quot;, \\&quot;Segoe UI Emoji\\&quot;, \\&quot;Segoe UI Symbol\\&quot;, \\&quot;Noto Color Emoji\\&quot;&quot;,&quot;16&quot;:12}\">Davron Translations assure la traduction de relev\u00e9s bancaires, cruciaux pour les affaires financi\u00e8res internationales, les v\u00e9rifications ou les litiges. <\/span><\/p>\n<p><span data-sheets-root=\"1\" data-sheets-value=\"{&quot;1&quot;:2,&quot;2&quot;:&quot;Davron Translations assure la traduction de relev\u00e9s bancaires, cruciaux pour les affaires financi\u00e8res internationales, les v\u00e9rifications ou les litiges. Essentiel pour les entreprises ou les particuliers impliqu\u00e9s dans des transactions transfrontali\u00e8res. Traduction certifi\u00e9e officielle anglais-fran\u00e7ais pour tous les besoins administratifs et judiciaires.&quot;}\" data-sheets-userformat=\"{&quot;2&quot;:14915,&quot;3&quot;:{&quot;1&quot;:0},&quot;4&quot;:{&quot;1&quot;:2,&quot;2&quot;:16777215},&quot;9&quot;:0,&quot;12&quot;:0,&quot;14&quot;:{&quot;1&quot;:2,&quot;2&quot;:855309},&quot;15&quot;:&quot;S\u00f6hne, ui-sans-serif, system-ui, -apple-system, \\&quot;Segoe UI\\&quot;, Roboto, Ubuntu, Cantarell, \\&quot;Noto Sans\\&quot;, sans-serif, \\&quot;Helvetica Neue\\&quot;, Arial, \\&quot;Apple Color Emoji\\&quot;, \\&quot;Segoe UI Emoji\\&quot;, \\&quot;Segoe UI Symbol\\&quot;, \\&quot;Noto Color Emoji\\&quot;&quot;,&quot;16&quot;:12}\">Essentiel pour les entreprises ou les particuliers impliqu\u00e9s dans des transactions transfrontali\u00e8res. <\/span><\/p>\n<p><span data-sheets-root=\"1\" data-sheets-value=\"{&quot;1&quot;:2,&quot;2&quot;:&quot;Davron Translations assure la traduction de relev\u00e9s bancaires, cruciaux pour les affaires financi\u00e8res internationales, les v\u00e9rifications ou les litiges. Essentiel pour les entreprises ou les particuliers impliqu\u00e9s dans des transactions transfrontali\u00e8res. Traduction certifi\u00e9e officielle anglais-fran\u00e7ais pour tous les besoins administratifs et judiciaires.&quot;}\" data-sheets-userformat=\"{&quot;2&quot;:14915,&quot;3&quot;:{&quot;1&quot;:0},&quot;4&quot;:{&quot;1&quot;:2,&quot;2&quot;:16777215},&quot;9&quot;:0,&quot;12&quot;:0,&quot;14&quot;:{&quot;1&quot;:2,&quot;2&quot;:855309},&quot;15&quot;:&quot;S\u00f6hne, ui-sans-serif, system-ui, -apple-system, \\&quot;Segoe UI\\&quot;, Roboto, Ubuntu, Cantarell, \\&quot;Noto Sans\\&quot;, sans-serif, \\&quot;Helvetica Neue\\&quot;, Arial, \\&quot;Apple Color Emoji\\&quot;, \\&quot;Segoe UI Emoji\\&quot;, \\&quot;Segoe UI Symbol\\&quot;, \\&quot;Noto Color Emoji\\&quot;&quot;,&quot;16&quot;:12}\">Traduction certifi\u00e9e officielle anglais-fran\u00e7ais pour tous les besoins administratifs et judiciaires.<\/span><\/p>\n","protected":false},"excerpt":{"rendered":"<ul>\n<li>inclut la mise en page obligatoire similaire au document source, la certification, la date, le cachet et la signature<\/li>\n<li>inclut toute certification n\u00e9cessaire : ITI pour le Royaume-Uni et ATA pour les \u00c9tats-Unis ; ou syst\u00e8me judiciaire fran\u00e7ais Assermentation pour la France<\/li>\n<li>Prix par page ; document d&rsquo;une page = 250 mots max<\/li>\n<li>* pour usage administratif et officiel *pour d&rsquo;autres combinaisons linguistiques, veuillez utiliser notre formulaire de devis instantan\u00e9<\/li>\n<\/ul>\n","protected":false},"featured_media":8367,"template":"","meta":[],"product_brand":[],"product_cat":[129,126,133,142],"product_tag":[],"class_list":{"0":"post-8366","1":"product","2":"type-product","3":"status-publish","4":"has-post-thumbnail","6":"product_cat-immigration-fr","7":"product_cat-traduction","8":"product_cat-traduction-certifiee-assermentee","9":"product_cat-traduction-de-document-officiel","11":"first","12":"instock","13":"taxable","14":"shipping-taxable","15":"purchasable","16":"product-type-simple"},"_links":{"self":[{"href":"https:\/\/davrontranslations.com\/fr\/wp-json\/wp\/v2\/product\/8366","targetHints":{"allow":["GET"]}}],"collection":[{"href":"https:\/\/davrontranslations.com\/fr\/wp-json\/wp\/v2\/product"}],"about":[{"href":"https:\/\/davrontranslations.com\/fr\/wp-json\/wp\/v2\/types\/product"}],"wp:featuredmedia":[{"embeddable":true,"href":"https:\/\/davrontranslations.com\/fr\/wp-json\/wp\/v2\/media\/8367"}],"wp:attachment":[{"href":"https:\/\/davrontranslations.com\/fr\/wp-json\/wp\/v2\/media?parent=8366"}],"wp:term":[{"taxonomy":"product_brand","embeddable":true,"href":"https:\/\/davrontranslations.com\/fr\/wp-json\/wp\/v2\/product_brand?post=8366"},{"taxonomy":"product_cat","embeddable":true,"href":"https:\/\/davrontranslations.com\/fr\/wp-json\/wp\/v2\/product_cat?post=8366"},{"taxonomy":"product_tag","embeddable":true,"href":"https:\/\/davrontranslations.com\/fr\/wp-json\/wp\/v2\/product_tag?post=8366"}],"curies":[{"name":"wp","href":"https:\/\/api.w.org\/{rel}","templated":true}]}}