{"id":8370,"date":"2019-12-23T11:25:15","date_gmt":"2019-12-23T11:25:15","guid":{"rendered":"https:\/\/davrontranslations.com\/product\/business-startup-package\/"},"modified":"2020-06-09T13:24:46","modified_gmt":"2020-06-09T13:24:46","slug":"kit-entreprise","status":"publish","type":"product","link":"https:\/\/davrontranslations.com\/fr\/produit\/kit-entreprise\/","title":{"rendered":"Kit Entreprise | Startup"},"content":{"rendered":"<div class=\"elementor-element elementor-element-40db3838 elementor-align-left elementor-widget elementor-widget-icon-list\" data-id=\"40db3838\" data-element_type=\"widget\" data-widget_type=\"icon-list.default\">\n<div class=\"elementor-widget-container\"> Une offre tout en un : traduire votre site web + r\u00e9server un interpr\u00e8te pour vos appels commerciaux ou votre salon + obtenir des documents certifi\u00e9s<\/div>\n<\/div>\n<div class=\"elementor-element elementor-element-d46bab6 elementor-align-center elementor-widget elementor-widget-button\" data-id=\"d46bab6\" data-element_type=\"widget\" data-widget_type=\"button.default\">\n<div class=\"elementor-widget-container\">\n<div class=\"elementor-button-wrapper\"><\/div>\n<\/div>\n<\/div>\n","protected":false},"excerpt":{"rendered":"<div class=\"elementor-element elementor-element-40db3838 elementor-align-left elementor-widget elementor-widget-icon-list\" data-id=\"40db3838\" data-element_type=\"widget\" data-widget_type=\"icon-list.default\">\n<div class=\"elementor-widget-container\">\n<ul>\n<li>traduction de votre site web et\/ou de votre mat\u00e9riel marketing<\/li>\n<li>appels de vente : 1\/2 heure \u00e0 1\/2 journ\u00e9e<\/li>\n<li>interpr\u00e9tation sur votre salon : 1\/2 journ\u00e9e \u00e0 des journ\u00e9es enti\u00e8res<\/li>\n<li>traduction certifi\u00e9e de vos documents d&rsquo;inscription<\/li>\n<\/ul>\n<\/div>\n<\/div>\n<div class=\"elementor-element elementor-element-d46bab6 elementor-align-center elementor-widget elementor-widget-button\" data-id=\"d46bab6\" data-element_type=\"widget\" data-widget_type=\"button.default\">\n<div class=\"elementor-widget-container\">\n<div class=\"elementor-button-wrapper\"><\/div>\n<\/div>\n<\/div>\n","protected":false},"featured_media":8372,"template":"","meta":[],"product_brand":[],"product_cat":[128,129,127,126,133],"product_tag":[],"class_list":{"0":"post-8370","1":"product","2":"type-product","3":"status-publish","4":"has-post-thumbnail","6":"product_cat-business-fr","7":"product_cat-immigration-fr","8":"product_cat-juridique","9":"product_cat-traduction","10":"product_cat-traduction-certifiee-assermentee","12":"first","13":"instock","14":"taxable","15":"shipping-taxable","16":"product-type-grouped"},"_links":{"self":[{"href":"https:\/\/davrontranslations.com\/fr\/wp-json\/wp\/v2\/product\/8370","targetHints":{"allow":["GET"]}}],"collection":[{"href":"https:\/\/davrontranslations.com\/fr\/wp-json\/wp\/v2\/product"}],"about":[{"href":"https:\/\/davrontranslations.com\/fr\/wp-json\/wp\/v2\/types\/product"}],"wp:featuredmedia":[{"embeddable":true,"href":"https:\/\/davrontranslations.com\/fr\/wp-json\/wp\/v2\/media\/8372"}],"wp:attachment":[{"href":"https:\/\/davrontranslations.com\/fr\/wp-json\/wp\/v2\/media?parent=8370"}],"wp:term":[{"taxonomy":"product_brand","embeddable":true,"href":"https:\/\/davrontranslations.com\/fr\/wp-json\/wp\/v2\/product_brand?post=8370"},{"taxonomy":"product_cat","embeddable":true,"href":"https:\/\/davrontranslations.com\/fr\/wp-json\/wp\/v2\/product_cat?post=8370"},{"taxonomy":"product_tag","embeddable":true,"href":"https:\/\/davrontranslations.com\/fr\/wp-json\/wp\/v2\/product_tag?post=8370"}],"curies":[{"name":"wp","href":"https:\/\/api.w.org\/{rel}","templated":true}]}}