{"id":8383,"date":"2019-12-23T11:04:53","date_gmt":"2019-12-23T11:04:53","guid":{"rendered":"https:\/\/davrontranslations.com\/product\/brexxit-combo-set\/"},"modified":"2020-06-09T13:24:50","modified_gmt":"2020-06-09T13:24:50","slug":"traduction-brexxit","status":"publish","type":"product","link":"https:\/\/davrontranslations.com\/fr\/produit\/traduction-brexxit\/","title":{"rendered":"Kit Brexit"},"content":{"rendered":"<div class=\"elementor-element elementor-element-40db3838 elementor-align-left elementor-widget elementor-widget-icon-list\" data-id=\"40db3838\" data-element_type=\"widget\" data-widget_type=\"icon-list.default\">\n<div class=\"elementor-widget-container\"> Traduction officielle certifi\u00e9e anglais-fran\u00e7ais Pour tous les besoins administratifs de BREXIT<\/div>\n<\/div>\n","protected":false},"excerpt":{"rendered":"<div class=\"elementor-element elementor-element-40db3838 elementor-align-left elementor-widget elementor-widget-icon-list\" data-id=\"40db3838\" data-element_type=\"widget\" data-widget_type=\"icon-list.default\">\n<div class=\"elementor-widget-container\">\n<ul>\n<li>inclut la mise en page obligatoire similaire au document source, la certification, la date, le cachet et la signature<\/li>\n<li>inclut toute certification n\u00e9cessaire : ITI pour le Royaume-Uni et ATA pour les \u00c9tats-Unis ; ou syst\u00e8me judiciaire fran\u00e7ais Assermentation pour la France<\/li>\n<li>Prix par page ; document d&rsquo;une page = 250 mots max<\/li>\n<li>* pour usage administratif et officiel *pour d&rsquo;autres combinaisons linguistiques, veuillez utiliser notre formulaire de devis instantan\u00e9<\/li>\n<\/ul>\n<\/div>\n<\/div>\n","protected":false},"featured_media":8384,"template":"","meta":[],"product_brand":[],"product_cat":[128,143,129,127,126,133],"product_tag":[],"class_list":{"0":"post-8383","1":"product","2":"type-product","3":"status-publish","4":"has-post-thumbnail","6":"product_cat-business-fr","7":"product_cat-etudiant","8":"product_cat-immigration-fr","9":"product_cat-juridique","10":"product_cat-traduction","11":"product_cat-traduction-certifiee-assermentee","13":"first","14":"instock","15":"taxable","16":"shipping-taxable","17":"product-type-grouped"},"_links":{"self":[{"href":"https:\/\/davrontranslations.com\/fr\/wp-json\/wp\/v2\/product\/8383","targetHints":{"allow":["GET"]}}],"collection":[{"href":"https:\/\/davrontranslations.com\/fr\/wp-json\/wp\/v2\/product"}],"about":[{"href":"https:\/\/davrontranslations.com\/fr\/wp-json\/wp\/v2\/types\/product"}],"wp:featuredmedia":[{"embeddable":true,"href":"https:\/\/davrontranslations.com\/fr\/wp-json\/wp\/v2\/media\/8384"}],"wp:attachment":[{"href":"https:\/\/davrontranslations.com\/fr\/wp-json\/wp\/v2\/media?parent=8383"}],"wp:term":[{"taxonomy":"product_brand","embeddable":true,"href":"https:\/\/davrontranslations.com\/fr\/wp-json\/wp\/v2\/product_brand?post=8383"},{"taxonomy":"product_cat","embeddable":true,"href":"https:\/\/davrontranslations.com\/fr\/wp-json\/wp\/v2\/product_cat?post=8383"},{"taxonomy":"product_tag","embeddable":true,"href":"https:\/\/davrontranslations.com\/fr\/wp-json\/wp\/v2\/product_tag?post=8383"}],"curies":[{"name":"wp","href":"https:\/\/api.w.org\/{rel}","templated":true}]}}