{"id":8385,"date":"2019-12-19T21:19:00","date_gmt":"2019-12-19T21:19:00","guid":{"rendered":"https:\/\/davrontranslations.com\/product\/1-hour-phone-call-interpreting\/"},"modified":"2020-06-09T13:24:50","modified_gmt":"2020-06-09T13:24:50","slug":"interpretation-dune-heure-par-telephone","status":"publish","type":"product","link":"https:\/\/davrontranslations.com\/fr\/produit\/interpretation-dune-heure-par-telephone\/","title":{"rendered":"1 heure d&rsquo;interpr\u00e8tariat par t\u00e9l\u00e9phone"},"content":{"rendered":"<p>Pas le temps d\u2019apprendre la langue, il vous suffit de r\u00e9server un interpr\u00e8te anglais-fran\u00e7ais !<\/p>\n<h2 class=\"h-custom-headline cs-ta-left h4\">Interpr\u00e9tation t\u00e9l\u00e9phonique<\/h2>\n<div class=\"x-text cs-ta-left\">\n<p>Vous devez passer un appel t\u00e9l\u00e9phonique qui demande une parfaite ma\u00eetrise d\u2019un sujet donn\u00e9. Vous pouvez faire appel \u00e0 nos services en nous demandant d\u2019appeler directement votre interlocuteur pour vous ou d\u2019organiser une conf\u00e9rence t\u00e9l\u00e9phonique.<\/p>\n<p>Gr\u00e2ce \u00e0 notre \u00e9quipe d\u2019interpr\u00e8tes exp\u00e9riment\u00e9s, nous vous proposons un service de haute qualit\u00e9. Selon vos besoins, nous pouvons faire appel \u00e0 plusieurs interpr\u00e8tes. N\u2019h\u00e9sitez pas \u00e0 nous communiquer le plus d\u2019informations possible afin que nous puissions r\u00e9unir la meilleure \u00e9quipe pour vous.<\/p>\n<p>Vos informations personnelles seront trait\u00e9es dans le plus grand respect des r\u00e8gles de confidentialit\u00e9. Tous nos interpr\u00e8tes ont sign\u00e9 un accord de confidentialit\u00e9.<\/p>\n<\/div>\n","protected":false},"excerpt":{"rendered":"<ul>\n<li>aucun \u00e9quipement requis<\/li>\n<li>interpr\u00e8tes professionnels relayant le discours en cons\u00e9cutive<\/li>\n<li>conf\u00e9rences t\u00e9l\u00e9phoniques, assistance t\u00e9l\u00e9phonique (ex : prise de rendez-vous, appel aux services publics en votre absence) ou rendez-vous de courte dur\u00e9e (ex : pr\u00e9fecture fran\u00e7aise, rendez-vous au consulat)<\/li>\n<li>prix de l&rsquo;heure<\/li>\n<li>*pour d&rsquo;autres combinaisons linguistiques, veuillez utiliser notre formulaire de devis instantan\u00e9<\/li>\n<\/ul>\n","protected":false},"featured_media":8386,"template":"","meta":[],"product_brand":[],"product_cat":[128,130,127],"product_tag":[],"class_list":{"0":"post-8385","1":"product","2":"type-product","3":"status-publish","4":"has-post-thumbnail","6":"product_cat-business-fr","7":"product_cat-interpretes","8":"product_cat-juridique","10":"first","11":"instock","12":"taxable","13":"shipping-taxable","14":"purchasable","15":"product-type-simple"},"_links":{"self":[{"href":"https:\/\/davrontranslations.com\/fr\/wp-json\/wp\/v2\/product\/8385","targetHints":{"allow":["GET"]}}],"collection":[{"href":"https:\/\/davrontranslations.com\/fr\/wp-json\/wp\/v2\/product"}],"about":[{"href":"https:\/\/davrontranslations.com\/fr\/wp-json\/wp\/v2\/types\/product"}],"wp:featuredmedia":[{"embeddable":true,"href":"https:\/\/davrontranslations.com\/fr\/wp-json\/wp\/v2\/media\/8386"}],"wp:attachment":[{"href":"https:\/\/davrontranslations.com\/fr\/wp-json\/wp\/v2\/media?parent=8385"}],"wp:term":[{"taxonomy":"product_brand","embeddable":true,"href":"https:\/\/davrontranslations.com\/fr\/wp-json\/wp\/v2\/product_brand?post=8385"},{"taxonomy":"product_cat","embeddable":true,"href":"https:\/\/davrontranslations.com\/fr\/wp-json\/wp\/v2\/product_cat?post=8385"},{"taxonomy":"product_tag","embeddable":true,"href":"https:\/\/davrontranslations.com\/fr\/wp-json\/wp\/v2\/product_tag?post=8385"}],"curies":[{"name":"wp","href":"https:\/\/api.w.org\/{rel}","templated":true}]}}