{"id":8387,"date":"2019-12-18T15:49:05","date_gmt":"2019-12-18T15:49:05","guid":{"rendered":"https:\/\/davrontranslations.com\/product\/legalisation-pack\/"},"modified":"2020-06-23T12:54:02","modified_gmt":"2020-06-23T12:54:02","slug":"kit-legalisation","status":"publish","type":"product","link":"https:\/\/davrontranslations.com\/fr\/produit\/kit-legalisation\/","title":{"rendered":"Kit l\u00e9galisation"},"content":{"rendered":"<div class=\"elementor-element elementor-element-40db3838 elementor-align-left elementor-widget elementor-widget-icon-list\" data-id=\"40db3838\" data-element_type=\"widget\" data-widget_type=\"icon-list.default\">\n<div class=\"elementor-widget-container\">\u00c9vitez les tracas administratifs, r\u00e9servez notre \u00e9quipe pour traiter toutes les demandes sp\u00e9cifiques !<\/div>\n<div><\/div>\n<div class=\"elementor-widget-container\">PRIX PAR DOCUMENT \u2013 \u00e0 partir de 69 euros \/ doc<\/div>\n<\/div>\n","protected":false},"excerpt":{"rendered":"<div class=\"elementor-element elementor-element-40db3838 elementor-align-left elementor-widget elementor-widget-icon-list\" data-id=\"40db3838\" data-element_type=\"widget\" data-widget_type=\"icon-list.default\">\n<div class=\"elementor-widget-container\">\n<ul>\n<li>vos documents sont conserv\u00e9s en toute s\u00e9curit\u00e9 chez nous<\/li>\n<li>options urgentes disponibles moyennant des frais suppl\u00e9mentaires<\/li>\n<li>nous pouvons ajouter des options de consultation : veuillez nous contacter ou utiliser le formulaire de devis instantan\u00e9<\/li>\n<li>options d&rsquo;exp\u00e9dition dans le monde entier disponibles<\/li>\n<\/ul>\n<\/div>\n<\/div>\n<div class=\"elementor-element elementor-element-d46bab6 elementor-align-center elementor-widget elementor-widget-button\" data-id=\"d46bab6\" data-element_type=\"widget\" data-widget_type=\"button.default\">\n<div class=\"elementor-widget-container\">\n<div class=\"elementor-button-wrapper\"><\/div>\n<\/div>\n<\/div>\n","protected":false},"featured_media":8389,"template":"","meta":[],"product_brand":[],"product_cat":[128,129,127,131,126,133],"product_tag":[],"class_list":{"0":"post-8387","1":"product","2":"type-product","3":"status-publish","4":"has-post-thumbnail","6":"product_cat-business-fr","7":"product_cat-immigration-fr","8":"product_cat-juridique","9":"product_cat-legalisation-fr","10":"product_cat-traduction","11":"product_cat-traduction-certifiee-assermentee","13":"first","14":"instock","15":"taxable","16":"shipping-taxable","17":"product-type-grouped"},"_links":{"self":[{"href":"https:\/\/davrontranslations.com\/fr\/wp-json\/wp\/v2\/product\/8387","targetHints":{"allow":["GET"]}}],"collection":[{"href":"https:\/\/davrontranslations.com\/fr\/wp-json\/wp\/v2\/product"}],"about":[{"href":"https:\/\/davrontranslations.com\/fr\/wp-json\/wp\/v2\/types\/product"}],"wp:featuredmedia":[{"embeddable":true,"href":"https:\/\/davrontranslations.com\/fr\/wp-json\/wp\/v2\/media\/8389"}],"wp:attachment":[{"href":"https:\/\/davrontranslations.com\/fr\/wp-json\/wp\/v2\/media?parent=8387"}],"wp:term":[{"taxonomy":"product_brand","embeddable":true,"href":"https:\/\/davrontranslations.com\/fr\/wp-json\/wp\/v2\/product_brand?post=8387"},{"taxonomy":"product_cat","embeddable":true,"href":"https:\/\/davrontranslations.com\/fr\/wp-json\/wp\/v2\/product_cat?post=8387"},{"taxonomy":"product_tag","embeddable":true,"href":"https:\/\/davrontranslations.com\/fr\/wp-json\/wp\/v2\/product_tag?post=8387"}],"curies":[{"name":"wp","href":"https:\/\/api.w.org\/{rel}","templated":true}]}}