{"id":8395,"date":"2019-12-18T15:38:04","date_gmt":"2019-12-18T15:38:04","guid":{"rendered":"https:\/\/davrontranslations.com\/product\/french-ministry-of-foreign-affairs-legalisation\/"},"modified":"2024-04-08T15:36:13","modified_gmt":"2024-04-08T13:36:13","slug":"kit-legalisation-francais","status":"publish","type":"product","link":"https:\/\/davrontranslations.com\/fr\/produit\/kit-legalisation-francais\/","title":{"rendered":"L\u00e9galisation au Minist\u00e8re des affaires \u00e9trang\u00e8res fran\u00e7ais"},"content":{"rendered":"<p><span data-sheets-root=\"1\" data-sheets-value=\"{&quot;1&quot;:2,&quot;2&quot;:&quot;Davron Translations assure la l\u00e9galisation de documents aupr\u00e8s du Minist\u00e8re des affaires \u00e9trang\u00e8res fran\u00e7ais, garantissant leur authenticit\u00e9 pour une utilisation \u00e0 l'\u00e9tranger. Indispensable pour les documents n\u00e9cessitant une certification suppl\u00e9mentaire pour \u00eatre accept\u00e9s \u00e0 l'\u00e9tranger. Traduction certifi\u00e9e officielle anglais-fran\u00e7ais pour tous les besoins administratifs et judiciaires.&quot;}\" data-sheets-userformat=\"{&quot;2&quot;:14915,&quot;3&quot;:{&quot;1&quot;:0},&quot;4&quot;:{&quot;1&quot;:2,&quot;2&quot;:16777215},&quot;9&quot;:0,&quot;12&quot;:0,&quot;14&quot;:{&quot;1&quot;:2,&quot;2&quot;:855309},&quot;15&quot;:&quot;S\u00f6hne, ui-sans-serif, system-ui, -apple-system, \\&quot;Segoe UI\\&quot;, Roboto, Ubuntu, Cantarell, \\&quot;Noto Sans\\&quot;, sans-serif, \\&quot;Helvetica Neue\\&quot;, Arial, \\&quot;Apple Color Emoji\\&quot;, \\&quot;Segoe UI Emoji\\&quot;, \\&quot;Segoe UI Symbol\\&quot;, \\&quot;Noto Color Emoji\\&quot;&quot;,&quot;16&quot;:12}\">Davron Translations assure la l\u00e9galisation de documents aupr\u00e8s du Minist\u00e8re des affaires \u00e9trang\u00e8res fran\u00e7ais, garantissant leur authenticit\u00e9 pour une utilisation \u00e0 l&rsquo;\u00e9tranger. <\/span><\/p>\n<p><span data-sheets-root=\"1\" data-sheets-value=\"{&quot;1&quot;:2,&quot;2&quot;:&quot;Davron Translations assure la l\u00e9galisation de documents aupr\u00e8s du Minist\u00e8re des affaires \u00e9trang\u00e8res fran\u00e7ais, garantissant leur authenticit\u00e9 pour une utilisation \u00e0 l'\u00e9tranger. Indispensable pour les documents n\u00e9cessitant une certification suppl\u00e9mentaire pour \u00eatre accept\u00e9s \u00e0 l'\u00e9tranger. Traduction certifi\u00e9e officielle anglais-fran\u00e7ais pour tous les besoins administratifs et judiciaires.&quot;}\" data-sheets-userformat=\"{&quot;2&quot;:14915,&quot;3&quot;:{&quot;1&quot;:0},&quot;4&quot;:{&quot;1&quot;:2,&quot;2&quot;:16777215},&quot;9&quot;:0,&quot;12&quot;:0,&quot;14&quot;:{&quot;1&quot;:2,&quot;2&quot;:855309},&quot;15&quot;:&quot;S\u00f6hne, ui-sans-serif, system-ui, -apple-system, \\&quot;Segoe UI\\&quot;, Roboto, Ubuntu, Cantarell, \\&quot;Noto Sans\\&quot;, sans-serif, \\&quot;Helvetica Neue\\&quot;, Arial, \\&quot;Apple Color Emoji\\&quot;, \\&quot;Segoe UI Emoji\\&quot;, \\&quot;Segoe UI Symbol\\&quot;, \\&quot;Noto Color Emoji\\&quot;&quot;,&quot;16&quot;:12}\">Indispensable pour les documents n\u00e9cessitant une certification suppl\u00e9mentaire pour \u00eatre accept\u00e9s \u00e0 l&rsquo;\u00e9tranger. <\/span><\/p>\n<p><span data-sheets-root=\"1\" data-sheets-value=\"{&quot;1&quot;:2,&quot;2&quot;:&quot;Davron Translations assure la l\u00e9galisation de documents aupr\u00e8s du Minist\u00e8re des affaires \u00e9trang\u00e8res fran\u00e7ais, garantissant leur authenticit\u00e9 pour une utilisation \u00e0 l'\u00e9tranger. Indispensable pour les documents n\u00e9cessitant une certification suppl\u00e9mentaire pour \u00eatre accept\u00e9s \u00e0 l'\u00e9tranger. Traduction certifi\u00e9e officielle anglais-fran\u00e7ais pour tous les besoins administratifs et judiciaires.&quot;}\" data-sheets-userformat=\"{&quot;2&quot;:14915,&quot;3&quot;:{&quot;1&quot;:0},&quot;4&quot;:{&quot;1&quot;:2,&quot;2&quot;:16777215},&quot;9&quot;:0,&quot;12&quot;:0,&quot;14&quot;:{&quot;1&quot;:2,&quot;2&quot;:855309},&quot;15&quot;:&quot;S\u00f6hne, ui-sans-serif, system-ui, -apple-system, \\&quot;Segoe UI\\&quot;, Roboto, Ubuntu, Cantarell, \\&quot;Noto Sans\\&quot;, sans-serif, \\&quot;Helvetica Neue\\&quot;, Arial, \\&quot;Apple Color Emoji\\&quot;, \\&quot;Segoe UI Emoji\\&quot;, \\&quot;Segoe UI Symbol\\&quot;, \\&quot;Noto Color Emoji\\&quot;&quot;,&quot;16&quot;:12}\">Traduction certifi\u00e9e officielle anglais-fran\u00e7ais pour tous les besoins administratifs et judiciaires.<\/span><\/p>\n","protected":false},"excerpt":{"rendered":"<ul>\n<li>Chambre de Commerce Fran\u00e7aise CCI<\/li>\n<li>Minist\u00e8re des Affaires Etrang\u00e8res fran\u00e7ais<\/li>\n<li>*options de consultation \u00e9galement disponibles : contactez-nous ou utilisez notre formulaire de devis instantan\u00e9<\/li>\n<\/ul>\n","protected":false},"featured_media":8396,"template":"","meta":[],"product_brand":[],"product_cat":[128,129,127,131,133,142],"product_tag":[],"class_list":{"0":"post-8395","1":"product","2":"type-product","3":"status-publish","4":"has-post-thumbnail","6":"product_cat-business-fr","7":"product_cat-immigration-fr","8":"product_cat-juridique","9":"product_cat-legalisation-fr","10":"product_cat-traduction-certifiee-assermentee","11":"product_cat-traduction-de-document-officiel","13":"first","14":"instock","15":"taxable","16":"shipping-taxable","17":"purchasable","18":"product-type-simple"},"_links":{"self":[{"href":"https:\/\/davrontranslations.com\/fr\/wp-json\/wp\/v2\/product\/8395","targetHints":{"allow":["GET"]}}],"collection":[{"href":"https:\/\/davrontranslations.com\/fr\/wp-json\/wp\/v2\/product"}],"about":[{"href":"https:\/\/davrontranslations.com\/fr\/wp-json\/wp\/v2\/types\/product"}],"wp:featuredmedia":[{"embeddable":true,"href":"https:\/\/davrontranslations.com\/fr\/wp-json\/wp\/v2\/media\/8396"}],"wp:attachment":[{"href":"https:\/\/davrontranslations.com\/fr\/wp-json\/wp\/v2\/media?parent=8395"}],"wp:term":[{"taxonomy":"product_brand","embeddable":true,"href":"https:\/\/davrontranslations.com\/fr\/wp-json\/wp\/v2\/product_brand?post=8395"},{"taxonomy":"product_cat","embeddable":true,"href":"https:\/\/davrontranslations.com\/fr\/wp-json\/wp\/v2\/product_cat?post=8395"},{"taxonomy":"product_tag","embeddable":true,"href":"https:\/\/davrontranslations.com\/fr\/wp-json\/wp\/v2\/product_tag?post=8395"}],"curies":[{"name":"wp","href":"https:\/\/api.w.org\/{rel}","templated":true}]}}