{"id":8397,"date":"2019-12-18T15:37:12","date_gmt":"2019-12-18T15:37:12","guid":{"rendered":"https:\/\/davrontranslations.com\/product\/1-2-day-consecutive-interpreting\/"},"modified":"2020-06-09T13:24:55","modified_gmt":"2020-06-09T13:24:55","slug":"1-a-2-jours-interpretation-consecutive","status":"publish","type":"product","link":"https:\/\/davrontranslations.com\/fr\/produit\/1-a-2-jours-interpretation-consecutive\/","title":{"rendered":"Interpr\u00e8te cons\u00e9cutif 1\/2 journ\u00e9e"},"content":{"rendered":"<p>Pas de temps \u00e0 consacrer \u00e0 l&rsquo;apprentissage de la langue, il suffit de r\u00e9server un interpr\u00e8te anglais-fran\u00e7ais !<\/p>\n<h2 class=\"h-custom-headline cs-ta-left h4\">Interpr\u00e8te cons\u00e9cutif et interpr\u00e8te asserment\u00e9<\/h2>\n<p><strong>L\u2019interpr\u00e9tation cons\u00e9cutive\u00a0<\/strong>est le service d\u2019interpr\u00e9tation le plus demand\u00e9 pour des r\u00e9unions en petit comit\u00e9. L\u2019interpr\u00e8te attend que le locuteur ait fini sa phrase ou son paragraphe pour traduire et retransmettre \u00e0 la personne les propos qui ont \u00e9t\u00e9 tenus \u00e0 ses interlocuteurs. Dans certains cas, tels qu\u2019une audience au tribunal ou un rendez-vous chez un notaire, vous devrez faire appel aux services d\u2019un<strong>\u00a0interpr\u00e8te asserment\u00e9.<\/strong><\/p>\n<p>Pour des \u00e9v\u00e8nements plus importants,\u00a0<strong>l\u2019interpr\u00e9tation simultan\u00e9e\u00a0<\/strong>sera plus adapt\u00e9e \u00e0 vos besoins. Nous vous assisterons afin de trouver les interpr\u00e8tes qui vous conviennent ainsi que l\u2019\u00e9quipement n\u00e9cessaire pour ce type d\u2019interpr\u00e9tation.<\/p>\n<p>Veuillez nous fournir une description compl\u00e8te de la mission :<br \/>\n(<em>Veuillez indiquer la date, le lieu, l\u2019heure et la dur\u00e9e de la mission.<\/em>)<\/p>\n<p><strong>Un \u00e9quipement sp\u00e9cifique<\/strong>\u00a0est n\u00e9cessaire pour l\u2019interpr\u00e9tation simultan\u00e9e. Nous pouvons vous fournir des casques, des microphones ou des cabines d\u2019interpr\u00e9tation selon le contexte et le nombre de participants.<\/p>\n<p><strong>Interpr\u00e9tation t\u00e9l\u00e9phonique\u00a0<\/strong>Vous avez besoin de passer un appel qui demande une parfaite ma\u00eetrise d\u2019un sujet donn\u00e9 ? Vous pouvez faire appel \u00e0 nos services en nous demandant d\u2019appeler directement votre interlocuteur pour vous ou d\u2019organiser une conf\u00e9rence t\u00e9l\u00e9phonique.<\/p>\n","protected":false},"excerpt":{"rendered":"<ul>\n<li>aucun \u00e9quipement requis<\/li>\n<li>interpr\u00e8tes professionnels relayant le discours en cons\u00e9cutif<\/li>\n<li>conf\u00e9rences t\u00e9l\u00e9phoniques, assistance t\u00e9l\u00e9phonique, r\u00e9unions d&rsquo;affaires et juridiques<\/li>\n<li>prix par 1\/2 journ\u00e9e<\/li>\n<li>*pour les autres combinaisons linguistiques, veuillez utiliser notre formulaire de devis instantan\u00e9<\/li>\n<\/ul>\n","protected":false},"featured_media":8398,"template":"","meta":[],"product_brand":[],"product_cat":[128,130,127],"product_tag":[],"class_list":{"0":"post-8397","1":"product","2":"type-product","3":"status-publish","4":"has-post-thumbnail","6":"product_cat-business-fr","7":"product_cat-interpretes","8":"product_cat-juridique","10":"first","11":"instock","12":"taxable","13":"shipping-taxable","14":"purchasable","15":"product-type-simple"},"_links":{"self":[{"href":"https:\/\/davrontranslations.com\/fr\/wp-json\/wp\/v2\/product\/8397","targetHints":{"allow":["GET"]}}],"collection":[{"href":"https:\/\/davrontranslations.com\/fr\/wp-json\/wp\/v2\/product"}],"about":[{"href":"https:\/\/davrontranslations.com\/fr\/wp-json\/wp\/v2\/types\/product"}],"wp:featuredmedia":[{"embeddable":true,"href":"https:\/\/davrontranslations.com\/fr\/wp-json\/wp\/v2\/media\/8398"}],"wp:attachment":[{"href":"https:\/\/davrontranslations.com\/fr\/wp-json\/wp\/v2\/media?parent=8397"}],"wp:term":[{"taxonomy":"product_brand","embeddable":true,"href":"https:\/\/davrontranslations.com\/fr\/wp-json\/wp\/v2\/product_brand?post=8397"},{"taxonomy":"product_cat","embeddable":true,"href":"https:\/\/davrontranslations.com\/fr\/wp-json\/wp\/v2\/product_cat?post=8397"},{"taxonomy":"product_tag","embeddable":true,"href":"https:\/\/davrontranslations.com\/fr\/wp-json\/wp\/v2\/product_tag?post=8397"}],"curies":[{"name":"wp","href":"https:\/\/api.w.org\/{rel}","templated":true}]}}