{"id":8399,"date":"2019-12-18T15:31:02","date_gmt":"2019-12-18T15:31:02","guid":{"rendered":"https:\/\/davrontranslations.com\/product\/full-day-consecutive-interpreting\/"},"modified":"2020-06-09T13:24:56","modified_gmt":"2020-06-09T13:24:56","slug":"interprete-consecutif","status":"publish","type":"product","link":"https:\/\/davrontranslations.com\/fr\/produit\/interprete-consecutif\/","title":{"rendered":"Journ\u00e9e compl\u00e8te | Interpr\u00e8te cons\u00e9cutif"},"content":{"rendered":"<p>Pas de temps \u00e0 consacrer \u00e0 l&rsquo;apprentissage de la langue, il suffit de r\u00e9server un interpr\u00e8te anglais-fran\u00e7ais !<\/p>\n","protected":false},"excerpt":{"rendered":"<ul>\n<li>aucun \u00e9quipement requis<\/li>\n<li>interpr\u00e8tes professionnels relayant le discours en cons\u00e9cutif<\/li>\n<li>conf\u00e9rences t\u00e9l\u00e9phoniques, assistance t\u00e9l\u00e9phonique, r\u00e9unions d&rsquo;affaires et juridiques<\/li>\n<li>prix par jour<\/li>\n<li>*pour les autres combinaisons linguistiques, veuillez utiliser notre formulaire de devis instantan\u00e9<\/li>\n<\/ul>\n","protected":false},"featured_media":8401,"template":"","meta":[],"product_brand":[],"product_cat":[128,130,127],"product_tag":[],"class_list":{"0":"post-8399","1":"product","2":"type-product","3":"status-publish","4":"has-post-thumbnail","6":"product_cat-business-fr","7":"product_cat-interpretes","8":"product_cat-juridique","10":"first","11":"instock","12":"taxable","13":"shipping-taxable","14":"purchasable","15":"product-type-simple"},"_links":{"self":[{"href":"https:\/\/davrontranslations.com\/fr\/wp-json\/wp\/v2\/product\/8399","targetHints":{"allow":["GET"]}}],"collection":[{"href":"https:\/\/davrontranslations.com\/fr\/wp-json\/wp\/v2\/product"}],"about":[{"href":"https:\/\/davrontranslations.com\/fr\/wp-json\/wp\/v2\/types\/product"}],"wp:featuredmedia":[{"embeddable":true,"href":"https:\/\/davrontranslations.com\/fr\/wp-json\/wp\/v2\/media\/8401"}],"wp:attachment":[{"href":"https:\/\/davrontranslations.com\/fr\/wp-json\/wp\/v2\/media?parent=8399"}],"wp:term":[{"taxonomy":"product_brand","embeddable":true,"href":"https:\/\/davrontranslations.com\/fr\/wp-json\/wp\/v2\/product_brand?post=8399"},{"taxonomy":"product_cat","embeddable":true,"href":"https:\/\/davrontranslations.com\/fr\/wp-json\/wp\/v2\/product_cat?post=8399"},{"taxonomy":"product_tag","embeddable":true,"href":"https:\/\/davrontranslations.com\/fr\/wp-json\/wp\/v2\/product_tag?post=8399"}],"curies":[{"name":"wp","href":"https:\/\/api.w.org\/{rel}","templated":true}]}}