{"id":8402,"date":"2019-12-18T15:26:06","date_gmt":"2019-12-18T15:26:06","guid":{"rendered":"https:\/\/davrontranslations.com\/product\/conference-simultaneous-interpreting\/"},"modified":"2020-06-09T13:24:56","modified_gmt":"2020-06-09T13:24:56","slug":"conference-simultane-interpretation","status":"publish","type":"product","link":"https:\/\/davrontranslations.com\/fr\/produit\/conference-simultane-interpretation\/","title":{"rendered":"Conf\u00e9rence | Interpr\u00e8te simultan\u00e9"},"content":{"rendered":"<p>Pour vos conf\u00e9rences et vos assembl\u00e9es, nos interpr\u00e8tes professionnels vous relaieront instantan\u00e9ment !<\/p>\n","protected":false},"excerpt":{"rendered":"<ul>\n<li>interpr\u00e8tes professionnels relayant le discours instantan\u00e9ment<\/li>\n<li>prix par jour, par interpr\u00e8te ; n\u00e9cessite 2 interpr\u00e8tes par combinaison linguistique<\/li>\n<li>anglais-fran\u00e7ais ; pour les autres langues, veuillez utiliser notre formulaire de devis instantan\u00e9 personnalis\u00e9<\/li>\n<li>n\u00e9cessite un \u00e9quipement tel que des casques et une cabine d&rsquo;interpr\u00e9tation, veuillez utiliser notre formulaire de devis instantan\u00e9 personnalis\u00e9 si votre lieu de r\u00e9union ne fournit pas cet \u00e9quipement<\/li>\n<\/ul>\n","protected":false},"featured_media":8404,"template":"","meta":[],"product_brand":[],"product_cat":[128,130,127],"product_tag":[],"class_list":{"0":"post-8402","1":"product","2":"type-product","3":"status-publish","4":"has-post-thumbnail","6":"product_cat-business-fr","7":"product_cat-interpretes","8":"product_cat-juridique","10":"first","11":"instock","12":"taxable","13":"shipping-taxable","14":"purchasable","15":"product-type-simple"},"_links":{"self":[{"href":"https:\/\/davrontranslations.com\/fr\/wp-json\/wp\/v2\/product\/8402","targetHints":{"allow":["GET"]}}],"collection":[{"href":"https:\/\/davrontranslations.com\/fr\/wp-json\/wp\/v2\/product"}],"about":[{"href":"https:\/\/davrontranslations.com\/fr\/wp-json\/wp\/v2\/types\/product"}],"wp:featuredmedia":[{"embeddable":true,"href":"https:\/\/davrontranslations.com\/fr\/wp-json\/wp\/v2\/media\/8404"}],"wp:attachment":[{"href":"https:\/\/davrontranslations.com\/fr\/wp-json\/wp\/v2\/media?parent=8402"}],"wp:term":[{"taxonomy":"product_brand","embeddable":true,"href":"https:\/\/davrontranslations.com\/fr\/wp-json\/wp\/v2\/product_brand?post=8402"},{"taxonomy":"product_cat","embeddable":true,"href":"https:\/\/davrontranslations.com\/fr\/wp-json\/wp\/v2\/product_cat?post=8402"},{"taxonomy":"product_tag","embeddable":true,"href":"https:\/\/davrontranslations.com\/fr\/wp-json\/wp\/v2\/product_tag?post=8402"}],"curies":[{"name":"wp","href":"https:\/\/api.w.org\/{rel}","templated":true}]}}