{"id":8409,"date":"2019-12-18T15:12:41","date_gmt":"2019-12-18T15:12:41","guid":{"rendered":"https:\/\/davrontranslations.com\/product\/student-package\/"},"modified":"2020-06-09T13:24:58","modified_gmt":"2020-06-09T13:24:58","slug":"paquet-detudiants","status":"publish","type":"product","link":"https:\/\/davrontranslations.com\/fr\/produit\/paquet-detudiants\/","title":{"rendered":"Pack \u00e9tudiant"},"content":{"rendered":"<div class=\"elementor-element elementor-element-40db3838 elementor-align-left elementor-widget elementor-widget-icon-list\" data-id=\"40db3838\" data-element_type=\"widget\" data-widget_type=\"icon-list.default\">\n<div class=\"elementor-widget-container\">Traduction officielle certifi\u00e9e conforme anglais-fran\u00e7ais de tous vos documents pour \u00e9tudier \u00e0 l&rsquo;\u00e9tranger !<\/div>\n<div>\n<p><strong>INSCRIPTIONS UNIVERSITAIRES\u00a0<\/strong>\u2013 Vous avez quelques difficult\u00e9s \u00e0 comprendre les formulaires complexes et les modalit\u00e9s pour finaliser votre inscription au sein d\u2019une universit\u00e9 \u00e0 l\u2019\u00e9tranger ?<\/p>\n<p>Nous pouvons vous aider dans vos d\u00e9marches ainsi que pour remplir vos formulaires d\u2019inscription au sein des universit\u00e9s et \u00e9coles fran\u00e7aises ou \u00e9trang\u00e8res.\u00a0Vous pourrez \u00e9galement avoir besoin d\u2019une traduction certifi\u00e9e ou asserment\u00e9e de vos attestations, relev\u00e9s de notes ou dipl\u00f4mes. Certaines universit\u00e9s comme Ivy League University vous demanderont m\u00eame que les enveloppes soient scell\u00e9es et envoy\u00e9es par nos soins.<\/p>\n<p>Un grand nombre de nos clients ont fait appel \u00e0 nos services pour s\u2019inscrire dans des formations\u00a0<strong>LLM au Royaume-Uni ou MBA aux \u00c9tats-Unis<\/strong>. Nous pouvons aussi vous aider dans le cadre d\u2019un\u00a0<strong>programme Erasmus<\/strong>\u00a0en Europe,\u00a0<strong>une candidature pour un stage \u00e0 l\u2019\u00e9tranger<\/strong>\u00a0ou l\u2019obtention d\u2019un visa \u00e9tudiant en Australie, Afrique du sud ou dans tout autre pays.<\/p>\n<\/div>\n<\/div>\n<div class=\"elementor-element elementor-element-d46bab6 elementor-align-center elementor-widget elementor-widget-button\" data-id=\"d46bab6\" data-element_type=\"widget\" data-widget_type=\"button.default\">\n<div class=\"elementor-widget-container\">\n<div class=\"elementor-button-wrapper\"><\/div>\n<\/div>\n<\/div>\n","protected":false},"excerpt":{"rendered":"<div class=\"elementor-element elementor-element-40db3838 elementor-align-left elementor-widget elementor-widget-icon-list\" data-id=\"40db3838\" data-element_type=\"widget\" data-widget_type=\"icon-list.default\">\n<div class=\"elementor-widget-container\">\n<ul>\n<li>inclut la mise en page obligatoire similaire au document source, la certification, la date, le cachet et la signature.<\/li>\n<li>inclut le syst\u00e8me judiciaire fran\u00e7ais Assermentation pour la France<\/li>\n<li>ou certifications ITI et ATA obligatoires pour le Royaume-Uni et les \u00c9tats-Unis<\/li>\n<li>prix par page ; document de 1 page = 250 mots max<\/li>\n<li>*pour usage administratif et officiel *pour d&rsquo;autres combinaisons linguistiques, veuillez utiliser notre formulaire de devis instantan\u00e9<\/li>\n<\/ul>\n<\/div>\n<\/div>\n","protected":false},"featured_media":8411,"template":"","meta":[],"product_brand":[],"product_cat":[143,129,126,133],"product_tag":[],"class_list":{"0":"post-8409","1":"product","2":"type-product","3":"status-publish","4":"has-post-thumbnail","6":"product_cat-etudiant","7":"product_cat-immigration-fr","8":"product_cat-traduction","9":"product_cat-traduction-certifiee-assermentee","11":"first","12":"instock","13":"sale","14":"taxable","15":"shipping-taxable","16":"product-type-grouped"},"_links":{"self":[{"href":"https:\/\/davrontranslations.com\/fr\/wp-json\/wp\/v2\/product\/8409","targetHints":{"allow":["GET"]}}],"collection":[{"href":"https:\/\/davrontranslations.com\/fr\/wp-json\/wp\/v2\/product"}],"about":[{"href":"https:\/\/davrontranslations.com\/fr\/wp-json\/wp\/v2\/types\/product"}],"wp:featuredmedia":[{"embeddable":true,"href":"https:\/\/davrontranslations.com\/fr\/wp-json\/wp\/v2\/media\/8411"}],"wp:attachment":[{"href":"https:\/\/davrontranslations.com\/fr\/wp-json\/wp\/v2\/media?parent=8409"}],"wp:term":[{"taxonomy":"product_brand","embeddable":true,"href":"https:\/\/davrontranslations.com\/fr\/wp-json\/wp\/v2\/product_brand?post=8409"},{"taxonomy":"product_cat","embeddable":true,"href":"https:\/\/davrontranslations.com\/fr\/wp-json\/wp\/v2\/product_cat?post=8409"},{"taxonomy":"product_tag","embeddable":true,"href":"https:\/\/davrontranslations.com\/fr\/wp-json\/wp\/v2\/product_tag?post=8409"}],"curies":[{"name":"wp","href":"https:\/\/api.w.org\/{rel}","templated":true}]}}