{"id":8414,"date":"2019-12-18T15:07:33","date_gmt":"2019-12-18T15:07:33","guid":{"rendered":"https:\/\/davrontranslations.com\/product\/kbis\/"},"modified":"2024-04-08T15:36:52","modified_gmt":"2024-04-08T13:36:52","slug":"kbis","status":"publish","type":"product","link":"https:\/\/davrontranslations.com\/fr\/produit\/kbis\/","title":{"rendered":"Kbis"},"content":{"rendered":"<p><span data-sheets-root=\"1\" data-sheets-value=\"{&quot;1&quot;:2,&quot;2&quot;:&quot;Davron Translations propose des traductions de Kbis, indispensables pour les d\u00e9marches administratives, les partenariats commerciaux ou les transactions internationales. Le Kbis est un document officiel fran\u00e7ais d\u00e9livr\u00e9 par le registre du commerce et des soci\u00e9t\u00e9s, certifiant l'existence l\u00e9gale d'une entreprise et fournissant des informations essentielles sur sa situation juridique. Ces traductions certifi\u00e9es garantissent une interpr\u00e9tation pr\u00e9cise de votre Kbis dans le cadre de vos activit\u00e9s professionnelles \u00e0 l'\u00e9tranger. Id\u00e9al pour les entreprises fran\u00e7aises ou les partenaires commerciaux \u00e9trangers n\u00e9cessitant une compr\u00e9hension claire des informations contenues dans ce document. Traduction certifi\u00e9e officielle anglais-fran\u00e7ais pour tous les besoins administratifs et judiciaires.&quot;}\" data-sheets-userformat=\"{&quot;2&quot;:14915,&quot;3&quot;:{&quot;1&quot;:0},&quot;4&quot;:{&quot;1&quot;:2,&quot;2&quot;:16777215},&quot;9&quot;:0,&quot;12&quot;:0,&quot;14&quot;:{&quot;1&quot;:2,&quot;2&quot;:855309},&quot;15&quot;:&quot;S\u00f6hne, ui-sans-serif, system-ui, -apple-system, \\&quot;Segoe UI\\&quot;, Roboto, Ubuntu, Cantarell, \\&quot;Noto Sans\\&quot;, sans-serif, \\&quot;Helvetica Neue\\&quot;, Arial, \\&quot;Apple Color Emoji\\&quot;, \\&quot;Segoe UI Emoji\\&quot;, \\&quot;Segoe UI Symbol\\&quot;, \\&quot;Noto Color Emoji\\&quot;&quot;,&quot;16&quot;:12}\">Davron Translations propose des traductions de Kbis, indispensables pour les d\u00e9marches administratives, les partenariats commerciaux ou les transactions internationales. <\/span><\/p>\n<p><span data-sheets-root=\"1\" data-sheets-value=\"{&quot;1&quot;:2,&quot;2&quot;:&quot;Davron Translations propose des traductions de Kbis, indispensables pour les d\u00e9marches administratives, les partenariats commerciaux ou les transactions internationales. Le Kbis est un document officiel fran\u00e7ais d\u00e9livr\u00e9 par le registre du commerce et des soci\u00e9t\u00e9s, certifiant l'existence l\u00e9gale d'une entreprise et fournissant des informations essentielles sur sa situation juridique. Ces traductions certifi\u00e9es garantissent une interpr\u00e9tation pr\u00e9cise de votre Kbis dans le cadre de vos activit\u00e9s professionnelles \u00e0 l'\u00e9tranger. Id\u00e9al pour les entreprises fran\u00e7aises ou les partenaires commerciaux \u00e9trangers n\u00e9cessitant une compr\u00e9hension claire des informations contenues dans ce document. Traduction certifi\u00e9e officielle anglais-fran\u00e7ais pour tous les besoins administratifs et judiciaires.&quot;}\" data-sheets-userformat=\"{&quot;2&quot;:14915,&quot;3&quot;:{&quot;1&quot;:0},&quot;4&quot;:{&quot;1&quot;:2,&quot;2&quot;:16777215},&quot;9&quot;:0,&quot;12&quot;:0,&quot;14&quot;:{&quot;1&quot;:2,&quot;2&quot;:855309},&quot;15&quot;:&quot;S\u00f6hne, ui-sans-serif, system-ui, -apple-system, \\&quot;Segoe UI\\&quot;, Roboto, Ubuntu, Cantarell, \\&quot;Noto Sans\\&quot;, sans-serif, \\&quot;Helvetica Neue\\&quot;, Arial, \\&quot;Apple Color Emoji\\&quot;, \\&quot;Segoe UI Emoji\\&quot;, \\&quot;Segoe UI Symbol\\&quot;, \\&quot;Noto Color Emoji\\&quot;&quot;,&quot;16&quot;:12}\">Le Kbis est un document officiel fran\u00e7ais d\u00e9livr\u00e9 par le registre du commerce et des soci\u00e9t\u00e9s, certifiant l&rsquo;existence l\u00e9gale d&rsquo;une entreprise et fournissant des informations essentielles sur sa situation juridique. <\/span><\/p>\n<p><span data-sheets-root=\"1\" data-sheets-value=\"{&quot;1&quot;:2,&quot;2&quot;:&quot;Davron Translations propose des traductions de Kbis, indispensables pour les d\u00e9marches administratives, les partenariats commerciaux ou les transactions internationales. Le Kbis est un document officiel fran\u00e7ais d\u00e9livr\u00e9 par le registre du commerce et des soci\u00e9t\u00e9s, certifiant l'existence l\u00e9gale d'une entreprise et fournissant des informations essentielles sur sa situation juridique. Ces traductions certifi\u00e9es garantissent une interpr\u00e9tation pr\u00e9cise de votre Kbis dans le cadre de vos activit\u00e9s professionnelles \u00e0 l'\u00e9tranger. Id\u00e9al pour les entreprises fran\u00e7aises ou les partenaires commerciaux \u00e9trangers n\u00e9cessitant une compr\u00e9hension claire des informations contenues dans ce document. Traduction certifi\u00e9e officielle anglais-fran\u00e7ais pour tous les besoins administratifs et judiciaires.&quot;}\" data-sheets-userformat=\"{&quot;2&quot;:14915,&quot;3&quot;:{&quot;1&quot;:0},&quot;4&quot;:{&quot;1&quot;:2,&quot;2&quot;:16777215},&quot;9&quot;:0,&quot;12&quot;:0,&quot;14&quot;:{&quot;1&quot;:2,&quot;2&quot;:855309},&quot;15&quot;:&quot;S\u00f6hne, ui-sans-serif, system-ui, -apple-system, \\&quot;Segoe UI\\&quot;, Roboto, Ubuntu, Cantarell, \\&quot;Noto Sans\\&quot;, sans-serif, \\&quot;Helvetica Neue\\&quot;, Arial, \\&quot;Apple Color Emoji\\&quot;, \\&quot;Segoe UI Emoji\\&quot;, \\&quot;Segoe UI Symbol\\&quot;, \\&quot;Noto Color Emoji\\&quot;&quot;,&quot;16&quot;:12}\">Ces traductions certifi\u00e9es garantissent une interpr\u00e9tation pr\u00e9cise de votre Kbis dans le cadre de vos activit\u00e9s professionnelles \u00e0 l&rsquo;\u00e9tranger. <\/span><\/p>\n<p><span data-sheets-root=\"1\" data-sheets-value=\"{&quot;1&quot;:2,&quot;2&quot;:&quot;Davron Translations propose des traductions de Kbis, indispensables pour les d\u00e9marches administratives, les partenariats commerciaux ou les transactions internationales. Le Kbis est un document officiel fran\u00e7ais d\u00e9livr\u00e9 par le registre du commerce et des soci\u00e9t\u00e9s, certifiant l'existence l\u00e9gale d'une entreprise et fournissant des informations essentielles sur sa situation juridique. Ces traductions certifi\u00e9es garantissent une interpr\u00e9tation pr\u00e9cise de votre Kbis dans le cadre de vos activit\u00e9s professionnelles \u00e0 l'\u00e9tranger. Id\u00e9al pour les entreprises fran\u00e7aises ou les partenaires commerciaux \u00e9trangers n\u00e9cessitant une compr\u00e9hension claire des informations contenues dans ce document. Traduction certifi\u00e9e officielle anglais-fran\u00e7ais pour tous les besoins administratifs et judiciaires.&quot;}\" data-sheets-userformat=\"{&quot;2&quot;:14915,&quot;3&quot;:{&quot;1&quot;:0},&quot;4&quot;:{&quot;1&quot;:2,&quot;2&quot;:16777215},&quot;9&quot;:0,&quot;12&quot;:0,&quot;14&quot;:{&quot;1&quot;:2,&quot;2&quot;:855309},&quot;15&quot;:&quot;S\u00f6hne, ui-sans-serif, system-ui, -apple-system, \\&quot;Segoe UI\\&quot;, Roboto, Ubuntu, Cantarell, \\&quot;Noto Sans\\&quot;, sans-serif, \\&quot;Helvetica Neue\\&quot;, Arial, \\&quot;Apple Color Emoji\\&quot;, \\&quot;Segoe UI Emoji\\&quot;, \\&quot;Segoe UI Symbol\\&quot;, \\&quot;Noto Color Emoji\\&quot;&quot;,&quot;16&quot;:12}\">Id\u00e9al pour les entreprises fran\u00e7aises ou les partenaires commerciaux \u00e9trangers n\u00e9cessitant une compr\u00e9hension claire des informations contenues dans ce document. <\/span><\/p>\n<p><span data-sheets-root=\"1\" data-sheets-value=\"{&quot;1&quot;:2,&quot;2&quot;:&quot;Davron Translations propose des traductions de Kbis, indispensables pour les d\u00e9marches administratives, les partenariats commerciaux ou les transactions internationales. Le Kbis est un document officiel fran\u00e7ais d\u00e9livr\u00e9 par le registre du commerce et des soci\u00e9t\u00e9s, certifiant l'existence l\u00e9gale d'une entreprise et fournissant des informations essentielles sur sa situation juridique. Ces traductions certifi\u00e9es garantissent une interpr\u00e9tation pr\u00e9cise de votre Kbis dans le cadre de vos activit\u00e9s professionnelles \u00e0 l'\u00e9tranger. Id\u00e9al pour les entreprises fran\u00e7aises ou les partenaires commerciaux \u00e9trangers n\u00e9cessitant une compr\u00e9hension claire des informations contenues dans ce document. Traduction certifi\u00e9e officielle anglais-fran\u00e7ais pour tous les besoins administratifs et judiciaires.&quot;}\" data-sheets-userformat=\"{&quot;2&quot;:14915,&quot;3&quot;:{&quot;1&quot;:0},&quot;4&quot;:{&quot;1&quot;:2,&quot;2&quot;:16777215},&quot;9&quot;:0,&quot;12&quot;:0,&quot;14&quot;:{&quot;1&quot;:2,&quot;2&quot;:855309},&quot;15&quot;:&quot;S\u00f6hne, ui-sans-serif, system-ui, -apple-system, \\&quot;Segoe UI\\&quot;, Roboto, Ubuntu, Cantarell, \\&quot;Noto Sans\\&quot;, sans-serif, \\&quot;Helvetica Neue\\&quot;, Arial, \\&quot;Apple Color Emoji\\&quot;, \\&quot;Segoe UI Emoji\\&quot;, \\&quot;Segoe UI Symbol\\&quot;, \\&quot;Noto Color Emoji\\&quot;&quot;,&quot;16&quot;:12}\">Traduction certifi\u00e9e officielle anglais-fran\u00e7ais pour tous les besoins administratifs et judiciaires.<\/span><\/p>\n","protected":false},"excerpt":{"rendered":"<ul>\n<li>inclut la mise en page obligatoire similaire au document source, la certification, la date, le cachet et la signature<\/li>\n<li>inclut toute certification n\u00e9cessaire : ITI pour le Royaume-Uni et ATA pour les \u00c9tats-Unis ; ou syst\u00e8me judiciaire fran\u00e7ais Assermentation pour la France<\/li>\n<li>Prix par page ; document d&rsquo;une page = 250 mots max<\/li>\n<li>* pour usage administratif et officiel *pour d&rsquo;autres combinaisons linguistiques, veuillez utiliser notre formulaire de devis instantan\u00e9<\/li>\n<\/ul>\n","protected":false},"featured_media":8415,"template":"","meta":[],"product_brand":[],"product_cat":[128,129,127,126,133],"product_tag":[],"class_list":{"0":"post-8414","1":"product","2":"type-product","3":"status-publish","4":"has-post-thumbnail","6":"product_cat-business-fr","7":"product_cat-immigration-fr","8":"product_cat-juridique","9":"product_cat-traduction","10":"product_cat-traduction-certifiee-assermentee","12":"first","13":"instock","14":"taxable","15":"shipping-taxable","16":"purchasable","17":"product-type-simple"},"_links":{"self":[{"href":"https:\/\/davrontranslations.com\/fr\/wp-json\/wp\/v2\/product\/8414","targetHints":{"allow":["GET"]}}],"collection":[{"href":"https:\/\/davrontranslations.com\/fr\/wp-json\/wp\/v2\/product"}],"about":[{"href":"https:\/\/davrontranslations.com\/fr\/wp-json\/wp\/v2\/types\/product"}],"wp:featuredmedia":[{"embeddable":true,"href":"https:\/\/davrontranslations.com\/fr\/wp-json\/wp\/v2\/media\/8415"}],"wp:attachment":[{"href":"https:\/\/davrontranslations.com\/fr\/wp-json\/wp\/v2\/media?parent=8414"}],"wp:term":[{"taxonomy":"product_brand","embeddable":true,"href":"https:\/\/davrontranslations.com\/fr\/wp-json\/wp\/v2\/product_brand?post=8414"},{"taxonomy":"product_cat","embeddable":true,"href":"https:\/\/davrontranslations.com\/fr\/wp-json\/wp\/v2\/product_cat?post=8414"},{"taxonomy":"product_tag","embeddable":true,"href":"https:\/\/davrontranslations.com\/fr\/wp-json\/wp\/v2\/product_tag?post=8414"}],"curies":[{"name":"wp","href":"https:\/\/api.w.org\/{rel}","templated":true}]}}