{"id":8422,"date":"2019-12-18T15:00:18","date_gmt":"2019-12-18T15:00:18","guid":{"rendered":"https:\/\/davrontranslations.com\/product\/diploma\/"},"modified":"2026-02-20T10:53:53","modified_gmt":"2026-02-20T09:53:53","slug":"traduction-assermentee-diplome","status":"publish","type":"product","link":"https:\/\/davrontranslations.com\/fr\/produit\/traduction-assermentee-diplome\/","title":{"rendered":"Dipl\u00f4me &#8211; Traduction asserment\u00e9e dipl\u00f4me"},"content":{"rendered":"<p><strong>Dipl\u00f4me &#8211; Traduction asserment\u00e9e dipl\u00f4me<\/strong><\/p>\n<p><strong>Pour une inscription aux universit\u00e9s am\u00e9ricaines, LLM au Royaume-Uni, fran\u00e7aises, sud-cor\u00e9ennes, australiennes et autres pays, pour une proc\u00e9dure de demande de visa \u00e9tudiant, carte de s\u00e9jour et demande de nationalit\u00e9, et autres visas officiels pour la France et l\u2019\u00e9tranger<\/strong><\/p>\n<p><strong>La traduction est asserment\u00e9e par un traducteur expert inscrit sur la liste officielle de la Cour d\u2019Appel<\/strong><\/p>\n<p><strong>La traduction conforme respecte les normes strictes de l\u2019assermentation en France, avec un numero Vu ne Varietur, le cachet et la signature du traducteur asserment\u00e9, recevables par l\u2019administration fran\u00e7aise et \u00e9trang\u00e8re, consulats, bureaux de visas <\/strong><\/p>\n<p><strong>Le document est livr\u00e9 sous forme num\u00e9rique et papier et est livrable partout dans le monde<\/strong><\/p>\n<p><strong>L\u2019apostille et la l\u00e9galisation sont un service compl\u00e9mentaire disponible sur demande<\/strong><\/p>\n","protected":false},"excerpt":{"rendered":"<p><strong>Dipl\u00f4me &#8211; Traduction asserment\u00e9e dipl\u00f4me<\/strong><\/p>\n<p><strong> Traduction asserment\u00e9e dipl\u00f4me<\/strong><\/p>\n<p><strong>La traduction est asserment\u00e9e par un traducteur expert inscrit sur la liste officielle de la Cour d\u2019Appel<\/strong><\/p>\n<p><strong>La traduction conforme pour la traduction asserment\u00e9e de dipl\u00f4me respecte les normes strictes de l\u2019assermentation en France, avec un numero Vu ne Varietur, le cachet et la signature du traducteur asserment\u00e9, recevables par l\u2019administration fran\u00e7aise et \u00e9trang\u00e8re, consulats, bureaux de visas <\/strong><\/p>\n<p><strong>Le document est livr\u00e9 sous forme num\u00e9rique et papier et est livrable partout dans le monde<\/strong><\/p>\n<p><strong>L\u2019apostille et la l\u00e9galisation sont un service compl\u00e9mentaire disponible sur demande<\/strong><\/p>\n","protected":false},"featured_media":8423,"template":"","meta":[],"product_brand":[],"product_cat":[143,129,126,133,142],"product_tag":[],"class_list":{"0":"post-8422","1":"product","2":"type-product","3":"status-publish","4":"has-post-thumbnail","6":"product_cat-etudiant","7":"product_cat-immigration-fr","8":"product_cat-traduction","9":"product_cat-traduction-certifiee-assermentee","10":"product_cat-traduction-de-document-officiel","12":"first","13":"instock","14":"taxable","15":"shipping-taxable","16":"purchasable","17":"product-type-simple"},"_links":{"self":[{"href":"https:\/\/davrontranslations.com\/fr\/wp-json\/wp\/v2\/product\/8422","targetHints":{"allow":["GET"]}}],"collection":[{"href":"https:\/\/davrontranslations.com\/fr\/wp-json\/wp\/v2\/product"}],"about":[{"href":"https:\/\/davrontranslations.com\/fr\/wp-json\/wp\/v2\/types\/product"}],"wp:featuredmedia":[{"embeddable":true,"href":"https:\/\/davrontranslations.com\/fr\/wp-json\/wp\/v2\/media\/8423"}],"wp:attachment":[{"href":"https:\/\/davrontranslations.com\/fr\/wp-json\/wp\/v2\/media?parent=8422"}],"wp:term":[{"taxonomy":"product_brand","embeddable":true,"href":"https:\/\/davrontranslations.com\/fr\/wp-json\/wp\/v2\/product_brand?post=8422"},{"taxonomy":"product_cat","embeddable":true,"href":"https:\/\/davrontranslations.com\/fr\/wp-json\/wp\/v2\/product_cat?post=8422"},{"taxonomy":"product_tag","embeddable":true,"href":"https:\/\/davrontranslations.com\/fr\/wp-json\/wp\/v2\/product_tag?post=8422"}],"curies":[{"name":"wp","href":"https:\/\/api.w.org\/{rel}","templated":true}]}}