{"id":8429,"date":"2019-12-18T14:12:24","date_gmt":"2019-12-18T14:12:24","guid":{"rendered":"https:\/\/davrontranslations.com\/product\/legal-pro-prepaid-credits\/"},"modified":"2020-06-23T11:22:24","modified_gmt":"2020-06-23T11:22:24","slug":"legal-pro-package","status":"publish","type":"product","link":"https:\/\/davrontranslations.com\/fr\/produit\/legal-pro-package\/","title":{"rendered":"Cr\u00e9dits pr\u00e9pay\u00e9s Juridique Pro"},"content":{"rendered":"<p>Cr\u00e9dits de mots pr\u00e9pay\u00e9s et rechargeables<\/p>\n<h2 class=\"h-custom-headline h2\">Nos services de traduction juridique<\/h2>\n<div class=\"x-text cs-ta-justify\">\n<p>Vous devrez fournir une traduction asserment\u00e9e de toute preuve et pi\u00e8ce vers\u00e9e \u00e0 une audience du tribunal.<\/p>\n<p>Les\u00a0notaires,\u00a0huissiers and\u00a0avocat en droit international font appel \u00e0 nous dans leur dossiers.<\/p>\n<p>Lorsque demandez une carte de s\u00e9jour ou un visa, tous vos justificatifs doivent \u00eatre traduits.<\/p>\n<p>Les actes de naissance et de mariage, permis de conduire, testaments, par exemple.<\/p>\n<p>La directrice de Davon Translations, Anne-C\u00e9cile Bourget-Davron, est inscrite sur la liste officielle des traducteurs asserment\u00e9s pr\u00e8s la Cour d&rsquo;appel de Paris.<\/p>\n<p>Davron Translations est r\u00e9pertori\u00e9e sur la liste du Consulat de France \u00e0 Londres, de l&rsquo;ITI au Royaume-Uni et de l&rsquo;ATA aux Etats-Unis.<\/p>\n<\/div>\n","protected":false},"excerpt":{"rendered":"<ul>\n<li>cr\u00e9dits de mots vers la traduction dans n&rsquo;importe quel domaine<\/li>\n<li>ajoutez toute option dont vous avez besoin : relecture, urgence, etc<\/li>\n<li>\u00e9vitez les tracas administratifs ou les retards<\/li>\n<li>utilisez-le quand vous voulez, pas de date d&rsquo;expiration<\/li>\n<li>*pour les entreprises et les professionnels uniquement<\/li>\n<li>**id\u00e9al pour la traduction de contrats, de documents d&rsquo;enregistrement de soci\u00e9t\u00e9s et de d\u00e9cisions de justice.<\/li>\n<\/ul>\n","protected":false},"featured_media":8431,"template":"","meta":[],"product_brand":[],"product_cat":[127,126],"product_tag":[],"class_list":{"0":"post-8429","1":"product","2":"type-product","3":"status-publish","4":"has-post-thumbnail","6":"product_cat-juridique","7":"product_cat-traduction","9":"first","10":"instock","11":"sale","12":"taxable","13":"shipping-taxable","14":"product-type-grouped"},"_links":{"self":[{"href":"https:\/\/davrontranslations.com\/fr\/wp-json\/wp\/v2\/product\/8429","targetHints":{"allow":["GET"]}}],"collection":[{"href":"https:\/\/davrontranslations.com\/fr\/wp-json\/wp\/v2\/product"}],"about":[{"href":"https:\/\/davrontranslations.com\/fr\/wp-json\/wp\/v2\/types\/product"}],"wp:featuredmedia":[{"embeddable":true,"href":"https:\/\/davrontranslations.com\/fr\/wp-json\/wp\/v2\/media\/8431"}],"wp:attachment":[{"href":"https:\/\/davrontranslations.com\/fr\/wp-json\/wp\/v2\/media?parent=8429"}],"wp:term":[{"taxonomy":"product_brand","embeddable":true,"href":"https:\/\/davrontranslations.com\/fr\/wp-json\/wp\/v2\/product_brand?post=8429"},{"taxonomy":"product_cat","embeddable":true,"href":"https:\/\/davrontranslations.com\/fr\/wp-json\/wp\/v2\/product_cat?post=8429"},{"taxonomy":"product_tag","embeddable":true,"href":"https:\/\/davrontranslations.com\/fr\/wp-json\/wp\/v2\/product_tag?post=8429"}],"curies":[{"name":"wp","href":"https:\/\/api.w.org\/{rel}","templated":true}]}}