{"id":8432,"date":"2019-12-18T14:10:20","date_gmt":"2019-12-18T14:10:20","guid":{"rendered":"https:\/\/davrontranslations.com\/product\/marketing-pro-prepaid-credits\/"},"modified":"2020-06-09T13:25:04","modified_gmt":"2020-06-09T13:25:04","slug":"marketing-pro-package","status":"publish","type":"product","link":"https:\/\/davrontranslations.com\/fr\/produit\/marketing-pro-package\/","title":{"rendered":"Marketing Pro Cr\u00e9dits pr\u00e9pay\u00e9s"},"content":{"rendered":"<p>Cr\u00e9dits de mots pr\u00e9pay\u00e9s et rechargeables<\/p>\n<p>DIGITAL ET PRINT<\/p>\n<h2 class=\"h-custom-headline h2\">Sites web<\/h2>\n<div class=\"x-text cs-ta-justify\">\n<p>Rendez votre site\u00a0<strong>plus visible sur Internet<\/strong>, optimisez votre\u00a0<strong>positionnement \/ SEO<\/strong>\u00a0(r\u00e9f\u00e9rencement) et d\u00e9veloppez vos\u00a0<strong>ressources publicitaires<\/strong>. La traduction de votre site, un premier pas vers l\u2019international.<\/p>\n<p>Vos clients doivent avoir acc\u00e8s \u00e0 vos\u00a0<strong>sites, vos blogs et r\u00e9seaux sociaux (Facebook, Twitter, Linkedin, etc.)<\/strong>\u00a0dans leur langue maternelle. Oubliez la traduction automatique. Seul un traducteur exp\u00e9riment\u00e9 peut vous fournir une traduction de qualit\u00e9 adapt\u00e9 au public concern\u00e9.<\/p>\n<\/div>\n","protected":false},"excerpt":{"rendered":"<ul>\n<li>cr\u00e9dits de mots vers la traduction dans n&rsquo;importe quel domaine<\/li>\n<li>ajoutez toute option dont vous avez besoin : relecture, transcr\u00e9ation, urgence, etc<\/li>\n<li>\u00e9vitez les tracas administratifs ou les retards<\/li>\n<li>utilisez-le quand vous voulez, pas de date d&rsquo;expiration<\/li>\n<li>*pour les entreprises uniquement<\/li>\n<li>**id\u00e9al pour les brochures, les bulletins d&rsquo;information, les pages de renvoi, les communiqu\u00e9s de presse, les blogs et les livres blancs<\/li>\n<\/ul>\n","protected":false},"featured_media":8434,"template":"","meta":[],"product_brand":[],"product_cat":[132,126,125],"product_tag":[],"class_list":{"0":"post-8432","1":"product","2":"type-product","3":"status-publish","4":"has-post-thumbnail","6":"product_cat-marketing-fr","7":"product_cat-traduction","8":"product_cat-traduction-de-site-web","10":"first","11":"instock","12":"sale","13":"taxable","14":"shipping-taxable","15":"product-type-grouped"},"_links":{"self":[{"href":"https:\/\/davrontranslations.com\/fr\/wp-json\/wp\/v2\/product\/8432","targetHints":{"allow":["GET"]}}],"collection":[{"href":"https:\/\/davrontranslations.com\/fr\/wp-json\/wp\/v2\/product"}],"about":[{"href":"https:\/\/davrontranslations.com\/fr\/wp-json\/wp\/v2\/types\/product"}],"wp:featuredmedia":[{"embeddable":true,"href":"https:\/\/davrontranslations.com\/fr\/wp-json\/wp\/v2\/media\/8434"}],"wp:attachment":[{"href":"https:\/\/davrontranslations.com\/fr\/wp-json\/wp\/v2\/media?parent=8432"}],"wp:term":[{"taxonomy":"product_brand","embeddable":true,"href":"https:\/\/davrontranslations.com\/fr\/wp-json\/wp\/v2\/product_brand?post=8432"},{"taxonomy":"product_cat","embeddable":true,"href":"https:\/\/davrontranslations.com\/fr\/wp-json\/wp\/v2\/product_cat?post=8432"},{"taxonomy":"product_tag","embeddable":true,"href":"https:\/\/davrontranslations.com\/fr\/wp-json\/wp\/v2\/product_tag?post=8432"}],"curies":[{"name":"wp","href":"https:\/\/api.w.org\/{rel}","templated":true}]}}