{"id":8435,"date":"2019-12-18T14:06:28","date_gmt":"2019-12-18T14:06:28","guid":{"rendered":"https:\/\/davrontranslations.com\/product\/website-pro-prepaid-credits\/"},"modified":"2020-06-09T13:25:04","modified_gmt":"2020-06-09T13:25:04","slug":"site-web-pro-package","status":"publish","type":"product","link":"https:\/\/davrontranslations.com\/fr\/produit\/site-web-pro-package\/","title":{"rendered":"Site web Pro Cr\u00e9dits pr\u00e9pay\u00e9s"},"content":{"rendered":"<p>Cr\u00e9dits de mots pr\u00e9pay\u00e9s et rechargeables<\/p>\n<h2 class=\"h-custom-headline h2\">Sites web<\/h2>\n<div class=\"x-text cs-ta-justify\">\n<p>Rendez votre site\u00a0<strong>plus visible sur Internet<\/strong>, optimisez votre\u00a0<strong>positionnement \/ SEO<\/strong>\u00a0(r\u00e9f\u00e9rencement) et d\u00e9veloppez vos\u00a0<strong>ressources publicitaires<\/strong>. La traduction de votre site, un premier pas vers l\u2019international.<\/p>\n<p>Vos clients doivent avoir acc\u00e8s \u00e0 vos\u00a0<strong>sites, vos blogs et r\u00e9seaux sociaux (Facebook, Twitter, Linkedin, etc.)<\/strong> dans leur langue maternelle. Evitez d&rsquo;utiliser la traduction automatique pour l&rsquo;int\u00e9gralit\u00e9 de votre site. Seul un traducteur exp\u00e9riment\u00e9 peut vous fournir une traduction de qualit\u00e9 adapt\u00e9 au public concern\u00e9. Une association traduction automatique + traducteur est possible et m\u00eame conseill\u00e9 dans la plupart des cas. Nous sommes l\u00e0 pour vous conseiller la technologie de la traduction la plus adapt\u00e9e \u00e0 vos besoins !<\/p>\n<\/div>\n","protected":false},"excerpt":{"rendered":"<ul>\n<li>cr\u00e9dits de mots vers la traduction dans n&rsquo;importe quel domaine<\/li>\n<li>ajoutez toute option dont vous avez besoin : relecture, transcr\u00e9ation, urgence, etc<\/li>\n<li>\u00e9viter les tracas administratifs ou les retards<\/li>\n<li>utilisez-le quand vous voulez, pas de date d&rsquo;expiration<\/li>\n<li>*pour les entreprises uniquement<\/li>\n<li>**id\u00e9al pour les sites web, les logiciels et les applications<\/li>\n<\/ul>\n","protected":false},"featured_media":8438,"template":"","meta":[],"product_brand":[],"product_cat":[128,132,126,125],"product_tag":[],"class_list":{"0":"post-8435","1":"product","2":"type-product","3":"status-publish","4":"has-post-thumbnail","6":"product_cat-business-fr","7":"product_cat-marketing-fr","8":"product_cat-traduction","9":"product_cat-traduction-de-site-web","11":"first","12":"instock","13":"sale","14":"taxable","15":"shipping-taxable","16":"product-type-grouped"},"_links":{"self":[{"href":"https:\/\/davrontranslations.com\/fr\/wp-json\/wp\/v2\/product\/8435","targetHints":{"allow":["GET"]}}],"collection":[{"href":"https:\/\/davrontranslations.com\/fr\/wp-json\/wp\/v2\/product"}],"about":[{"href":"https:\/\/davrontranslations.com\/fr\/wp-json\/wp\/v2\/types\/product"}],"wp:featuredmedia":[{"embeddable":true,"href":"https:\/\/davrontranslations.com\/fr\/wp-json\/wp\/v2\/media\/8438"}],"wp:attachment":[{"href":"https:\/\/davrontranslations.com\/fr\/wp-json\/wp\/v2\/media?parent=8435"}],"wp:term":[{"taxonomy":"product_brand","embeddable":true,"href":"https:\/\/davrontranslations.com\/fr\/wp-json\/wp\/v2\/product_brand?post=8435"},{"taxonomy":"product_cat","embeddable":true,"href":"https:\/\/davrontranslations.com\/fr\/wp-json\/wp\/v2\/product_cat?post=8435"},{"taxonomy":"product_tag","embeddable":true,"href":"https:\/\/davrontranslations.com\/fr\/wp-json\/wp\/v2\/product_tag?post=8435"}],"curies":[{"name":"wp","href":"https:\/\/api.w.org\/{rel}","templated":true}]}}