{"id":8439,"date":"2019-12-16T09:58:01","date_gmt":"2019-12-16T09:58:01","guid":{"rendered":"https:\/\/davrontranslations.com\/product\/driving-license\/"},"modified":"2024-04-08T15:39:57","modified_gmt":"2024-04-08T13:39:57","slug":"permis-de-conduire","status":"publish","type":"product","link":"https:\/\/davrontranslations.com\/fr\/produit\/permis-de-conduire\/","title":{"rendered":"Permis de conduire"},"content":{"rendered":"<p><span data-sheets-root=\"1\" data-sheets-value=\"{&quot;1&quot;:2,&quot;2&quot;:&quot;Davron Translations assure la traduction de permis de conduire, n\u00e9cessaires pour les locations de voiture, les assurances ou les d\u00e9marches de conduite \u00e0 l'\u00e9tranger. Ces traductions certifi\u00e9es garantissent une interpr\u00e9tation pr\u00e9cise de votre permis dans le cadre de vos d\u00e9placements \u00e0 l'\u00e9tranger. Id\u00e9al pour les voyageurs internationaux ou les expatri\u00e9s n\u00e9cessitant une validation de leur permis dans un autre pays. Traduction certifi\u00e9e officielle anglais-fran\u00e7ais pour tous les besoins administratifs et judiciaires.&quot;}\" data-sheets-userformat=\"{&quot;2&quot;:14915,&quot;3&quot;:{&quot;1&quot;:0},&quot;4&quot;:{&quot;1&quot;:2,&quot;2&quot;:16777215},&quot;9&quot;:0,&quot;12&quot;:0,&quot;14&quot;:{&quot;1&quot;:2,&quot;2&quot;:855309},&quot;15&quot;:&quot;S\u00f6hne, ui-sans-serif, system-ui, -apple-system, \\&quot;Segoe UI\\&quot;, Roboto, Ubuntu, Cantarell, \\&quot;Noto Sans\\&quot;, sans-serif, \\&quot;Helvetica Neue\\&quot;, Arial, \\&quot;Apple Color Emoji\\&quot;, \\&quot;Segoe UI Emoji\\&quot;, \\&quot;Segoe UI Symbol\\&quot;, \\&quot;Noto Color Emoji\\&quot;&quot;,&quot;16&quot;:12}\">Davron Translations assure la traduction de permis de conduire, n\u00e9cessaires pour les locations de voiture, les assurances ou les d\u00e9marches de conduite \u00e0 l&rsquo;\u00e9tranger. <\/span><\/p>\n<p><span data-sheets-root=\"1\" data-sheets-value=\"{&quot;1&quot;:2,&quot;2&quot;:&quot;Davron Translations assure la traduction de permis de conduire, n\u00e9cessaires pour les locations de voiture, les assurances ou les d\u00e9marches de conduite \u00e0 l'\u00e9tranger. Ces traductions certifi\u00e9es garantissent une interpr\u00e9tation pr\u00e9cise de votre permis dans le cadre de vos d\u00e9placements \u00e0 l'\u00e9tranger. Id\u00e9al pour les voyageurs internationaux ou les expatri\u00e9s n\u00e9cessitant une validation de leur permis dans un autre pays. Traduction certifi\u00e9e officielle anglais-fran\u00e7ais pour tous les besoins administratifs et judiciaires.&quot;}\" data-sheets-userformat=\"{&quot;2&quot;:14915,&quot;3&quot;:{&quot;1&quot;:0},&quot;4&quot;:{&quot;1&quot;:2,&quot;2&quot;:16777215},&quot;9&quot;:0,&quot;12&quot;:0,&quot;14&quot;:{&quot;1&quot;:2,&quot;2&quot;:855309},&quot;15&quot;:&quot;S\u00f6hne, ui-sans-serif, system-ui, -apple-system, \\&quot;Segoe UI\\&quot;, Roboto, Ubuntu, Cantarell, \\&quot;Noto Sans\\&quot;, sans-serif, \\&quot;Helvetica Neue\\&quot;, Arial, \\&quot;Apple Color Emoji\\&quot;, \\&quot;Segoe UI Emoji\\&quot;, \\&quot;Segoe UI Symbol\\&quot;, \\&quot;Noto Color Emoji\\&quot;&quot;,&quot;16&quot;:12}\">Ces traductions certifi\u00e9es garantissent une interpr\u00e9tation pr\u00e9cise de votre permis dans le cadre de vos d\u00e9placements \u00e0 l&rsquo;\u00e9tranger. <\/span><\/p>\n<p><span data-sheets-root=\"1\" data-sheets-value=\"{&quot;1&quot;:2,&quot;2&quot;:&quot;Davron Translations assure la traduction de permis de conduire, n\u00e9cessaires pour les locations de voiture, les assurances ou les d\u00e9marches de conduite \u00e0 l'\u00e9tranger. Ces traductions certifi\u00e9es garantissent une interpr\u00e9tation pr\u00e9cise de votre permis dans le cadre de vos d\u00e9placements \u00e0 l'\u00e9tranger. Id\u00e9al pour les voyageurs internationaux ou les expatri\u00e9s n\u00e9cessitant une validation de leur permis dans un autre pays. Traduction certifi\u00e9e officielle anglais-fran\u00e7ais pour tous les besoins administratifs et judiciaires.&quot;}\" data-sheets-userformat=\"{&quot;2&quot;:14915,&quot;3&quot;:{&quot;1&quot;:0},&quot;4&quot;:{&quot;1&quot;:2,&quot;2&quot;:16777215},&quot;9&quot;:0,&quot;12&quot;:0,&quot;14&quot;:{&quot;1&quot;:2,&quot;2&quot;:855309},&quot;15&quot;:&quot;S\u00f6hne, ui-sans-serif, system-ui, -apple-system, \\&quot;Segoe UI\\&quot;, Roboto, Ubuntu, Cantarell, \\&quot;Noto Sans\\&quot;, sans-serif, \\&quot;Helvetica Neue\\&quot;, Arial, \\&quot;Apple Color Emoji\\&quot;, \\&quot;Segoe UI Emoji\\&quot;, \\&quot;Segoe UI Symbol\\&quot;, \\&quot;Noto Color Emoji\\&quot;&quot;,&quot;16&quot;:12}\">I<\/span><span data-sheets-root=\"1\" data-sheets-value=\"{&quot;1&quot;:2,&quot;2&quot;:&quot;Davron Translations assure la traduction de permis de conduire, n\u00e9cessaires pour les locations de voiture, les assurances ou les d\u00e9marches de conduite \u00e0 l'\u00e9tranger. Ces traductions certifi\u00e9es garantissent une interpr\u00e9tation pr\u00e9cise de votre permis dans le cadre de vos d\u00e9placements \u00e0 l'\u00e9tranger. Id\u00e9al pour les voyageurs internationaux ou les expatri\u00e9s n\u00e9cessitant une validation de leur permis dans un autre pays. Traduction certifi\u00e9e officielle anglais-fran\u00e7ais pour tous les besoins administratifs et judiciaires.&quot;}\" data-sheets-userformat=\"{&quot;2&quot;:14915,&quot;3&quot;:{&quot;1&quot;:0},&quot;4&quot;:{&quot;1&quot;:2,&quot;2&quot;:16777215},&quot;9&quot;:0,&quot;12&quot;:0,&quot;14&quot;:{&quot;1&quot;:2,&quot;2&quot;:855309},&quot;15&quot;:&quot;S\u00f6hne, ui-sans-serif, system-ui, -apple-system, \\&quot;Segoe UI\\&quot;, Roboto, Ubuntu, Cantarell, \\&quot;Noto Sans\\&quot;, sans-serif, \\&quot;Helvetica Neue\\&quot;, Arial, \\&quot;Apple Color Emoji\\&quot;, \\&quot;Segoe UI Emoji\\&quot;, \\&quot;Segoe UI Symbol\\&quot;, \\&quot;Noto Color Emoji\\&quot;&quot;,&quot;16&quot;:12}\">d\u00e9al pour les voyageurs internationaux ou les expatri\u00e9s n\u00e9cessitant une validation de leur permis dans un autre pays. <\/span><\/p>\n<p><span data-sheets-root=\"1\" data-sheets-value=\"{&quot;1&quot;:2,&quot;2&quot;:&quot;Davron Translations assure la traduction de permis de conduire, n\u00e9cessaires pour les locations de voiture, les assurances ou les d\u00e9marches de conduite \u00e0 l'\u00e9tranger. Ces traductions certifi\u00e9es garantissent une interpr\u00e9tation pr\u00e9cise de votre permis dans le cadre de vos d\u00e9placements \u00e0 l'\u00e9tranger. Id\u00e9al pour les voyageurs internationaux ou les expatri\u00e9s n\u00e9cessitant une validation de leur permis dans un autre pays. Traduction certifi\u00e9e officielle anglais-fran\u00e7ais pour tous les besoins administratifs et judiciaires.&quot;}\" data-sheets-userformat=\"{&quot;2&quot;:14915,&quot;3&quot;:{&quot;1&quot;:0},&quot;4&quot;:{&quot;1&quot;:2,&quot;2&quot;:16777215},&quot;9&quot;:0,&quot;12&quot;:0,&quot;14&quot;:{&quot;1&quot;:2,&quot;2&quot;:855309},&quot;15&quot;:&quot;S\u00f6hne, ui-sans-serif, system-ui, -apple-system, \\&quot;Segoe UI\\&quot;, Roboto, Ubuntu, Cantarell, \\&quot;Noto Sans\\&quot;, sans-serif, \\&quot;Helvetica Neue\\&quot;, Arial, \\&quot;Apple Color Emoji\\&quot;, \\&quot;Segoe UI Emoji\\&quot;, \\&quot;Segoe UI Symbol\\&quot;, \\&quot;Noto Color Emoji\\&quot;&quot;,&quot;16&quot;:12}\">Traduction certifi\u00e9e officielle anglais-fran\u00e7ais pour tous les besoins administratifs et judiciaires.<\/span><\/p>\n","protected":false},"excerpt":{"rendered":"<ul>\n<li>inclut la mise en page obligatoire similaire au document source, la certification, la date, le cachet et la signature<\/li>\n<li>inclut toute certification n\u00e9cessaire : ITI pour le Royaume-Uni et ATA pour les \u00c9tats-Unis ; ou syst\u00e8me judiciaire fran\u00e7ais Assermentation pour la France<\/li>\n<li>Prix par page ; document d\u2019une page = 250 mots max<\/li>\n<li>* pour usage administratif et officiel *pour d\u2019autres combinaisons linguistiques, veuillez utiliser notre formulaire de devis instantan\u00e9<\/li>\n<\/ul>\n","protected":false},"featured_media":8441,"template":"","meta":[],"product_brand":[],"product_cat":[133,142],"product_tag":[],"class_list":{"0":"post-8439","1":"product","2":"type-product","3":"status-publish","4":"has-post-thumbnail","6":"product_cat-traduction-certifiee-assermentee","7":"product_cat-traduction-de-document-officiel","9":"first","10":"instock","11":"taxable","12":"shipping-taxable","13":"purchasable","14":"product-type-simple"},"_links":{"self":[{"href":"https:\/\/davrontranslations.com\/fr\/wp-json\/wp\/v2\/product\/8439","targetHints":{"allow":["GET"]}}],"collection":[{"href":"https:\/\/davrontranslations.com\/fr\/wp-json\/wp\/v2\/product"}],"about":[{"href":"https:\/\/davrontranslations.com\/fr\/wp-json\/wp\/v2\/types\/product"}],"wp:featuredmedia":[{"embeddable":true,"href":"https:\/\/davrontranslations.com\/fr\/wp-json\/wp\/v2\/media\/8441"}],"wp:attachment":[{"href":"https:\/\/davrontranslations.com\/fr\/wp-json\/wp\/v2\/media?parent=8439"}],"wp:term":[{"taxonomy":"product_brand","embeddable":true,"href":"https:\/\/davrontranslations.com\/fr\/wp-json\/wp\/v2\/product_brand?post=8439"},{"taxonomy":"product_cat","embeddable":true,"href":"https:\/\/davrontranslations.com\/fr\/wp-json\/wp\/v2\/product_cat?post=8439"},{"taxonomy":"product_tag","embeddable":true,"href":"https:\/\/davrontranslations.com\/fr\/wp-json\/wp\/v2\/product_tag?post=8439"}],"curies":[{"name":"wp","href":"https:\/\/api.w.org\/{rel}","templated":true}]}}