{"id":8446,"date":"2019-12-04T14:30:58","date_gmt":"2019-12-04T14:30:58","guid":{"rendered":"https:\/\/davrontranslations.com\/product\/rechargeable-translation-per-word-prepaid-credits\/"},"modified":"2020-06-09T13:25:09","modified_gmt":"2020-06-09T13:25:09","slug":"traduction-par-mot-credit-package","status":"publish","type":"product","link":"https:\/\/davrontranslations.com\/fr\/produit\/traduction-par-mot-credit-package\/","title":{"rendered":"Cr\u00e9dits de mots pr\u00e9pay\u00e9s et rechargeables"},"content":{"rendered":"<div class=\"elementor-element elementor-element-40db3838 elementor-align-left elementor-widget elementor-widget-icon-list\" data-id=\"40db3838\" data-element_type=\"widget\" data-widget_type=\"icon-list.default\">\n<div class=\"elementor-widget-container\"> Cr\u00e9dits vocaux pr\u00e9pay\u00e9s et rechargeables<\/div>\n<\/div>\n<div class=\"elementor-element elementor-element-d46bab6 elementor-align-center elementor-widget elementor-widget-button\" data-id=\"d46bab6\" data-element_type=\"widget\" data-widget_type=\"button.default\">\n<div class=\"elementor-widget-container\">\n<div class=\"elementor-button-wrapper\"><\/div>\n<\/div>\n<\/div>\n","protected":false},"excerpt":{"rendered":"<div class=\"elementor-element elementor-element-40db3838 elementor-align-left elementor-widget elementor-widget-icon-list\" data-id=\"40db3838\" data-element_type=\"widget\" data-widget_type=\"icon-list.default\">\n<div class=\"elementor-widget-container\">\n<ul>\n<li>cr\u00e9dits de mots pour la traduction dans n&rsquo;importe quel domaine<\/li>\n<li>ajoutez toutes les options dont vous avez besoin : relecture, transcr\u00e9ation, urgence, etc<\/li>\n<li>\u00e9vitez les tracas administratifs ou les retards<\/li>\n<li>utilisez-le quand vous voulez, pas de date d&rsquo;expiration<\/li>\n<li>*pour les entreprises uniquement<\/li>\n<\/ul>\n<\/div>\n<\/div>\n<div class=\"elementor-element elementor-element-d46bab6 elementor-align-center elementor-widget elementor-widget-button\" data-id=\"d46bab6\" data-element_type=\"widget\" data-widget_type=\"button.default\"><\/div>\n","protected":false},"featured_media":8449,"template":"","meta":[],"product_brand":[],"product_cat":[128,127,132,126,125],"product_tag":[],"class_list":{"0":"post-8446","1":"product","2":"type-product","3":"status-publish","4":"has-post-thumbnail","6":"product_cat-business-fr","7":"product_cat-juridique","8":"product_cat-marketing-fr","9":"product_cat-traduction","10":"product_cat-traduction-de-site-web","12":"first","13":"instock","14":"sale","15":"taxable","16":"shipping-taxable","17":"product-type-grouped"},"_links":{"self":[{"href":"https:\/\/davrontranslations.com\/fr\/wp-json\/wp\/v2\/product\/8446","targetHints":{"allow":["GET"]}}],"collection":[{"href":"https:\/\/davrontranslations.com\/fr\/wp-json\/wp\/v2\/product"}],"about":[{"href":"https:\/\/davrontranslations.com\/fr\/wp-json\/wp\/v2\/types\/product"}],"wp:featuredmedia":[{"embeddable":true,"href":"https:\/\/davrontranslations.com\/fr\/wp-json\/wp\/v2\/media\/8449"}],"wp:attachment":[{"href":"https:\/\/davrontranslations.com\/fr\/wp-json\/wp\/v2\/media?parent=8446"}],"wp:term":[{"taxonomy":"product_brand","embeddable":true,"href":"https:\/\/davrontranslations.com\/fr\/wp-json\/wp\/v2\/product_brand?post=8446"},{"taxonomy":"product_cat","embeddable":true,"href":"https:\/\/davrontranslations.com\/fr\/wp-json\/wp\/v2\/product_cat?post=8446"},{"taxonomy":"product_tag","embeddable":true,"href":"https:\/\/davrontranslations.com\/fr\/wp-json\/wp\/v2\/product_tag?post=8446"}],"curies":[{"name":"wp","href":"https:\/\/api.w.org\/{rel}","templated":true}]}}