{"id":8456,"date":"2019-07-22T13:39:20","date_gmt":"2019-07-22T13:39:20","guid":{"rendered":"https:\/\/davrontranslations.com\/product\/extra-copy\/"},"modified":"2020-06-09T13:25:12","modified_gmt":"2020-06-09T13:25:12","slug":"exemplaire-supplementaire","status":"publish","type":"product","link":"https:\/\/davrontranslations.com\/fr\/produit\/exemplaire-supplementaire\/","title":{"rendered":"Exemplaire suppl\u00e9mentaire"},"content":{"rendered":"<p>Exemplaire suppl\u00e9mentaire du document traduit<\/p>\n","protected":false},"excerpt":{"rendered":"<ul>\n<li>inclut la mise en page obligatoire similaire au document source, la certification, la date, le cachet et la signature<\/li>\n<li>inclut toute certification n\u00e9cessaire : ITI pour le Royaume-Uni et ATA pour les \u00c9tats-Unis ; ou syst\u00e8me judiciaire fran\u00e7ais Assermentation pour la France<\/li>\n<li>Prix par page ; document d&rsquo;une page = 250 mots max<\/li>\n<li>* pour usage administratif et officiel *pour plus de 5 copies suppl\u00e9mentaires, contactez-nous pour les r\u00e9ductions<\/li>\n<\/ul>\n","protected":false},"featured_media":8457,"template":"","meta":[],"product_brand":[],"product_cat":[133],"product_tag":[],"class_list":{"0":"post-8456","1":"product","2":"type-product","3":"status-publish","4":"has-post-thumbnail","6":"product_cat-traduction-certifiee-assermentee","8":"first","9":"instock","10":"taxable","11":"shipping-taxable","12":"purchasable","13":"product-type-simple"},"_links":{"self":[{"href":"https:\/\/davrontranslations.com\/fr\/wp-json\/wp\/v2\/product\/8456","targetHints":{"allow":["GET"]}}],"collection":[{"href":"https:\/\/davrontranslations.com\/fr\/wp-json\/wp\/v2\/product"}],"about":[{"href":"https:\/\/davrontranslations.com\/fr\/wp-json\/wp\/v2\/types\/product"}],"wp:featuredmedia":[{"embeddable":true,"href":"https:\/\/davrontranslations.com\/fr\/wp-json\/wp\/v2\/media\/8457"}],"wp:attachment":[{"href":"https:\/\/davrontranslations.com\/fr\/wp-json\/wp\/v2\/media?parent=8456"}],"wp:term":[{"taxonomy":"product_brand","embeddable":true,"href":"https:\/\/davrontranslations.com\/fr\/wp-json\/wp\/v2\/product_brand?post=8456"},{"taxonomy":"product_cat","embeddable":true,"href":"https:\/\/davrontranslations.com\/fr\/wp-json\/wp\/v2\/product_cat?post=8456"},{"taxonomy":"product_tag","embeddable":true,"href":"https:\/\/davrontranslations.com\/fr\/wp-json\/wp\/v2\/product_tag?post=8456"}],"curies":[{"name":"wp","href":"https:\/\/api.w.org\/{rel}","templated":true}]}}