{"id":8459,"date":"2019-07-22T12:22:03","date_gmt":"2019-07-22T12:22:03","guid":{"rendered":"https:\/\/davrontranslations.com\/product\/birth-certificate\/"},"modified":"2024-04-08T15:40:43","modified_gmt":"2024-04-08T13:40:43","slug":"acte-ou-certificat-de-naissance","status":"publish","type":"product","link":"https:\/\/davrontranslations.com\/fr\/produit\/acte-ou-certificat-de-naissance\/","title":{"rendered":"Acte de naissance"},"content":{"rendered":"<p><span data-sheets-root=\"1\" data-sheets-value=\"{&quot;1&quot;:2,&quot;2&quot;:&quot;Davron Translations propose des traductions d'actes de naissance, n\u00e9cessaires pour les demandes de passeport, les d\u00e9marches de citoyennet\u00e9 ou les proc\u00e9dures d'adoption \u00e0 l'\u00e9tranger. Ces traductions certifi\u00e9es garantissent une reconnaissance internationale de votre identit\u00e9 et de votre filiation. Id\u00e9al pour les personnes cherchant \u00e0 valider leur identit\u00e9 ou leur filiation dans un contexte international. Traduction certifi\u00e9e officielle anglais-fran\u00e7ais pour tous les besoins administratifs et judiciaires.&quot;}\" data-sheets-userformat=\"{&quot;2&quot;:14915,&quot;3&quot;:{&quot;1&quot;:0},&quot;4&quot;:{&quot;1&quot;:2,&quot;2&quot;:16777215},&quot;9&quot;:0,&quot;12&quot;:0,&quot;14&quot;:{&quot;1&quot;:2,&quot;2&quot;:855309},&quot;15&quot;:&quot;S\u00f6hne, ui-sans-serif, system-ui, -apple-system, \\&quot;Segoe UI\\&quot;, Roboto, Ubuntu, Cantarell, \\&quot;Noto Sans\\&quot;, sans-serif, \\&quot;Helvetica Neue\\&quot;, Arial, \\&quot;Apple Color Emoji\\&quot;, \\&quot;Segoe UI Emoji\\&quot;, \\&quot;Segoe UI Symbol\\&quot;, \\&quot;Noto Color Emoji\\&quot;&quot;,&quot;16&quot;:12}\">Davron Translations propose des traductions d&rsquo;actes de naissance, n\u00e9cessaires pour les demandes de passeport, les d\u00e9marches de citoyennet\u00e9 ou les proc\u00e9dures d&rsquo;adoption \u00e0 l&rsquo;\u00e9tranger. <\/span><\/p>\n<p><span data-sheets-root=\"1\" data-sheets-value=\"{&quot;1&quot;:2,&quot;2&quot;:&quot;Davron Translations propose des traductions d'actes de naissance, n\u00e9cessaires pour les demandes de passeport, les d\u00e9marches de citoyennet\u00e9 ou les proc\u00e9dures d'adoption \u00e0 l'\u00e9tranger. Ces traductions certifi\u00e9es garantissent une reconnaissance internationale de votre identit\u00e9 et de votre filiation. Id\u00e9al pour les personnes cherchant \u00e0 valider leur identit\u00e9 ou leur filiation dans un contexte international. Traduction certifi\u00e9e officielle anglais-fran\u00e7ais pour tous les besoins administratifs et judiciaires.&quot;}\" data-sheets-userformat=\"{&quot;2&quot;:14915,&quot;3&quot;:{&quot;1&quot;:0},&quot;4&quot;:{&quot;1&quot;:2,&quot;2&quot;:16777215},&quot;9&quot;:0,&quot;12&quot;:0,&quot;14&quot;:{&quot;1&quot;:2,&quot;2&quot;:855309},&quot;15&quot;:&quot;S\u00f6hne, ui-sans-serif, system-ui, -apple-system, \\&quot;Segoe UI\\&quot;, Roboto, Ubuntu, Cantarell, \\&quot;Noto Sans\\&quot;, sans-serif, \\&quot;Helvetica Neue\\&quot;, Arial, \\&quot;Apple Color Emoji\\&quot;, \\&quot;Segoe UI Emoji\\&quot;, \\&quot;Segoe UI Symbol\\&quot;, \\&quot;Noto Color Emoji\\&quot;&quot;,&quot;16&quot;:12}\">Ces traductions certifi\u00e9es garantissent une reconnaissance internationale de votre identit\u00e9 et de votre filiation. <\/span><\/p>\n<p><span data-sheets-root=\"1\" data-sheets-value=\"{&quot;1&quot;:2,&quot;2&quot;:&quot;Davron Translations propose des traductions d'actes de naissance, n\u00e9cessaires pour les demandes de passeport, les d\u00e9marches de citoyennet\u00e9 ou les proc\u00e9dures d'adoption \u00e0 l'\u00e9tranger. Ces traductions certifi\u00e9es garantissent une reconnaissance internationale de votre identit\u00e9 et de votre filiation. Id\u00e9al pour les personnes cherchant \u00e0 valider leur identit\u00e9 ou leur filiation dans un contexte international. Traduction certifi\u00e9e officielle anglais-fran\u00e7ais pour tous les besoins administratifs et judiciaires.&quot;}\" data-sheets-userformat=\"{&quot;2&quot;:14915,&quot;3&quot;:{&quot;1&quot;:0},&quot;4&quot;:{&quot;1&quot;:2,&quot;2&quot;:16777215},&quot;9&quot;:0,&quot;12&quot;:0,&quot;14&quot;:{&quot;1&quot;:2,&quot;2&quot;:855309},&quot;15&quot;:&quot;S\u00f6hne, ui-sans-serif, system-ui, -apple-system, \\&quot;Segoe UI\\&quot;, Roboto, Ubuntu, Cantarell, \\&quot;Noto Sans\\&quot;, sans-serif, \\&quot;Helvetica Neue\\&quot;, Arial, \\&quot;Apple Color Emoji\\&quot;, \\&quot;Segoe UI Emoji\\&quot;, \\&quot;Segoe UI Symbol\\&quot;, \\&quot;Noto Color Emoji\\&quot;&quot;,&quot;16&quot;:12}\">Id\u00e9al pour les personnes cherchant \u00e0 valider leur identit\u00e9 ou leur filiation dans un contexte international. <\/span><\/p>\n<p><span data-sheets-root=\"1\" data-sheets-value=\"{&quot;1&quot;:2,&quot;2&quot;:&quot;Davron Translations propose des traductions d'actes de naissance, n\u00e9cessaires pour les demandes de passeport, les d\u00e9marches de citoyennet\u00e9 ou les proc\u00e9dures d'adoption \u00e0 l'\u00e9tranger. Ces traductions certifi\u00e9es garantissent une reconnaissance internationale de votre identit\u00e9 et de votre filiation. Id\u00e9al pour les personnes cherchant \u00e0 valider leur identit\u00e9 ou leur filiation dans un contexte international. Traduction certifi\u00e9e officielle anglais-fran\u00e7ais pour tous les besoins administratifs et judiciaires.&quot;}\" data-sheets-userformat=\"{&quot;2&quot;:14915,&quot;3&quot;:{&quot;1&quot;:0},&quot;4&quot;:{&quot;1&quot;:2,&quot;2&quot;:16777215},&quot;9&quot;:0,&quot;12&quot;:0,&quot;14&quot;:{&quot;1&quot;:2,&quot;2&quot;:855309},&quot;15&quot;:&quot;S\u00f6hne, ui-sans-serif, system-ui, -apple-system, \\&quot;Segoe UI\\&quot;, Roboto, Ubuntu, Cantarell, \\&quot;Noto Sans\\&quot;, sans-serif, \\&quot;Helvetica Neue\\&quot;, Arial, \\&quot;Apple Color Emoji\\&quot;, \\&quot;Segoe UI Emoji\\&quot;, \\&quot;Segoe UI Symbol\\&quot;, \\&quot;Noto Color Emoji\\&quot;&quot;,&quot;16&quot;:12}\">Traduction certifi\u00e9e officielle anglais-fran\u00e7ais pour tous les besoins administratifs et judiciaires.<\/span><\/p>\n","protected":false},"excerpt":{"rendered":"<ul>\n<li>inclut la mise en page obligatoire similaire au document source, la certification, la date, le cachet et la signature<\/li>\n<li>inclut toute certification n\u00e9cessaire : ITI pour le Royaume-Uni et ATA pour les \u00c9tats-Unis ; ou syst\u00e8me judiciaire fran\u00e7ais Assermentation pour la France<\/li>\n<li>Prix par page ; document d&rsquo;une page = 250 mots max<\/li>\n<li>* pour usage administratif et officiel *pour d&rsquo;autres combinaisons linguistiques, veuillez utiliser notre formulaire de devis instantan\u00e9<\/li>\n<\/ul>\n","protected":false},"featured_media":8461,"template":"","meta":[],"product_brand":[],"product_cat":[133],"product_tag":[],"class_list":{"0":"post-8459","1":"product","2":"type-product","3":"status-publish","4":"has-post-thumbnail","6":"product_cat-traduction-certifiee-assermentee","8":"first","9":"instock","10":"taxable","11":"shipping-taxable","12":"purchasable","13":"product-type-simple"},"_links":{"self":[{"href":"https:\/\/davrontranslations.com\/fr\/wp-json\/wp\/v2\/product\/8459","targetHints":{"allow":["GET"]}}],"collection":[{"href":"https:\/\/davrontranslations.com\/fr\/wp-json\/wp\/v2\/product"}],"about":[{"href":"https:\/\/davrontranslations.com\/fr\/wp-json\/wp\/v2\/types\/product"}],"wp:featuredmedia":[{"embeddable":true,"href":"https:\/\/davrontranslations.com\/fr\/wp-json\/wp\/v2\/media\/8461"}],"wp:attachment":[{"href":"https:\/\/davrontranslations.com\/fr\/wp-json\/wp\/v2\/media?parent=8459"}],"wp:term":[{"taxonomy":"product_brand","embeddable":true,"href":"https:\/\/davrontranslations.com\/fr\/wp-json\/wp\/v2\/product_brand?post=8459"},{"taxonomy":"product_cat","embeddable":true,"href":"https:\/\/davrontranslations.com\/fr\/wp-json\/wp\/v2\/product_cat?post=8459"},{"taxonomy":"product_tag","embeddable":true,"href":"https:\/\/davrontranslations.com\/fr\/wp-json\/wp\/v2\/product_tag?post=8459"}],"curies":[{"name":"wp","href":"https:\/\/api.w.org\/{rel}","templated":true}]}}